{"id":8262,"date":"2021-07-27T10:57:27","date_gmt":"2021-07-27T14:57:27","guid":{"rendered":"https:\/\/rtoero.ca\/?page_id=8262"},"modified":"2025-12-16T12:46:33","modified_gmt":"2025-12-16T17:46:33","slug":"on-jase","status":"publish","type":"page","link":"https:\/\/ententefoundation.ca\/fr\/nos-activites\/on-jase\/","title":{"rendered":"On jase"},"content":{"rendered":"\n<figure class=\"wp-block-image size-medium\"><img decoding=\"async\" src=\"https:\/\/ententefoundation.ca\/wp-content\/uploads\/2023\/03\/Chime_In_logo_FR-300x147.png\" alt=\"\" class=\"wp-image-18958\"\/><\/figure>\n\n\n\n<p>La Fondation Entente vous invite \u00e0 <em>On jase<\/em>.<\/p>\n\n\n\n<p><em>On jase<\/em> se veut un forum d\u2019\u00e9changes hebdomadaires r\u00e9guliers permettant aux membres de Entente \u00c9ducation Canada de participer \u00e0 des discussions ouvertes et de d\u00e9velopper des liens sociaux entre eux. Les participants peuvent d\u00e9cider de discuter d\u2019un sujet en particulier chaque semaine, ou simplement \u00e9changer avec d\u2019autres personnes qui partagent des int\u00e9r\u00eats et des passe-temps semblables.<\/p>\n\n\n\n<p>Les participants se retrouvent en petits groupes de trois ou quatre personnes pour permettre de meilleurs \u00e9changes et contacts. Chaque s\u00e9ance propose deux groupes de discussion, ce qui permet aux participants de faire la connaissance d\u2019autres personnes.<\/p>\n\n\n\n<p>Deux s\u00e9ances diff\u00e9rentes de <em>On jase<\/em> sont organis\u00e9es chaque semaine et anim\u00e9es par des b\u00e9n\u00e9voles de la Fondation. Les participants peuvent se joindre sur Zoom ou par t\u00e9l\u00e9phone. Inscrivez-vous \u00e0 l\u2019une ou plusieurs de ces s\u00e9ances hebdomadaires gratuites :<\/p>\n\n\n\n<ul class=\"wp-block-list\">\n<li>En anglais : Mercredi de 13 h \u00e0 14 h (HNE) <a href=\"https:\/\/rtoero.zoom.us\/meeting\/register\/tJwsce-urzwqG9U5QN_8YJFqEbRqw6vvfJ2l#\/registration\" target=\"_blank\" rel=\"noreferrer noopener\">S\u2019inscrire maintenant<\/a><\/li>\n\n\n\n<li>En fran\u00e7ais : Mercredi de 10 h \u00e0 11 h (HNE) <a href=\"https:\/\/rtoero.zoom.us\/meeting\/register\/tZMrf-GsrzkjHdN1s3wJnH1zIrWEmzKefiGH#\/registration\" target=\"_blank\" rel=\"noreferrer noopener\">S\u2019inscrire maintenant<\/a><\/li>\n<\/ul>\n\n\n\n<p>Il suffit de vous inscrire la premi\u00e8re fois. Par la suite, vous aurez acc\u00e8s \u00e0 chaque s\u00e9ance hebdomadaire, mais vous n\u2019\u00eates pas tenu d\u2019y assister chaque semaine. Vous pouvez vous joindre \u00e0 On jase aussi souvent que vous le d\u00e9sirez.<\/p>\n\n\n\n<p><em>On jase<\/em> est une plateforme de conversation ouverte et nous esp\u00e9rons que vous profiterez de l\u2019occasion pour vous connecter avec d\u2019autres membres de Entente \u00c9ducation Canada et m\u00eame vous faire de nouveaux amis!<\/p>\n\n\n\n<p>Nous avons h\u00e2te que vous soyez des n\u00f4tres, car ensemble <em>On jase<\/em>.<\/p>\n\n\n\n<a href=\"https:\/\/ententefoundation.ca\/wp-content\/uploads\/2023\/03\/Chime_In_FAQs_FR_FINAL-ua.pdf\">Foire aux questions sur ON JASE<\/a>  |  <a href=\"https:\/\/ententefoundation.ca\/wp-content\/uploads\/2023\/03\/Top_6_Reasons_to_Chime_In_FR_FINAL-ua.pdf\">LES 6 PRINCIPALES RAISONS DE PARTICIPER \u00c0 ON JASE <\/a>  |  <a href=\"https:\/\/ententefoundation.ca\/wp-content\/uploads\/2023\/03\/Chime_In_Testimonials_FR_FINAL-ua.pdf\"> T\u00e9moignages <\/a>\n","protected":false},"excerpt":{"rendered":"<p>La Fondation Entente vous invite \u00e0 On jase. On jase se veut un forum d\u2019\u00e9changes hebdomadaires r\u00e9guliers permettant aux membres de Entente \u00c9ducation Canada de [&hellip;]<\/p>\n","protected":false},"author":5,"featured_media":0,"parent":1785,"menu_order":0,"comment_status":"closed","ping_status":"closed","template":"template-foundation-index.php","meta":{"_acf_changed":false,"ub_ctt_via":"","footnotes":"","_links_to":"","_links_to_target":""},"class_list":["post-8262","page","type-page","status-publish","hentry"],"acf":[],"featured_image_src":null,"yoast_head":"<!-- This site is optimized with the Yoast SEO plugin v26.9 - https:\/\/yoast.com\/product\/yoast-seo-wordpress\/ -->\n<title>On jase - Entente<\/title>\n<meta name=\"robots\" content=\"index, follow, max-snippet:-1, max-image-preview:large, max-video-preview:-1\" \/>\n<link rel=\"canonical\" href=\"https:\/\/ententefoundation.ca\/fr\/nos-activites\/on-jase\/\" \/>\n<meta property=\"og:locale\" content=\"fr_FR\" \/>\n<meta property=\"og:type\" content=\"article\" \/>\n<meta property=\"og:title\" content=\"On jase - Entente\" \/>\n<meta property=\"og:description\" content=\"La Fondation Entente vous invite \u00e0 On jase. On jase se veut un forum d\u2019\u00e9changes hebdomadaires r\u00e9guliers permettant aux membres de Entente \u00c9ducation Canada de [&hellip;]\" \/>\n<meta property=\"og:url\" content=\"https:\/\/ententefoundation.ca\/fr\/nos-activites\/on-jase\/\" \/>\n<meta property=\"og:site_name\" content=\"Entente\" \/>\n<meta property=\"article:publisher\" content=\"https:\/\/www.facebook.com\/rto.ero\/\" \/>\n<meta property=\"article:modified_time\" content=\"2025-12-16T17:46:33+00:00\" \/>\n<meta property=\"og:image\" content=\"https:\/\/ententefoundation.ca\/wp-content\/uploads\/2023\/03\/Chime_In_logo_FR-1.png\" \/>\n\t<meta property=\"og:image:width\" content=\"563\" \/>\n\t<meta property=\"og:image:height\" content=\"275\" \/>\n\t<meta property=\"og:image:type\" content=\"image\/png\" \/>\n<meta name=\"twitter:card\" content=\"summary_large_image\" \/>\n<meta name=\"twitter:site\" content=\"@rto_ero\" \/>\n<meta name=\"twitter:label1\" content=\"Est. reading time\" \/>\n\t<meta name=\"twitter:data1\" content=\"2 minutes\" \/>\n<script type=\"application\/ld+json\" class=\"yoast-schema-graph\">{\"@context\":\"https:\/\/schema.org\",\"@graph\":[{\"@type\":\"WebPage\",\"@id\":\"https:\/\/ententefoundation.ca\/fr\/nos-activites\/on-jase\/\",\"url\":\"https:\/\/ententefoundation.ca\/fr\/nos-activites\/on-jase\/\",\"name\":\"On jase - Entente\",\"isPartOf\":{\"@id\":\"https:\/\/ententefoundation.ca\/fr\/#website\"},\"primaryImageOfPage\":{\"@id\":\"https:\/\/ententefoundation.ca\/fr\/nos-activites\/on-jase\/#primaryimage\"},\"image\":{\"@id\":\"https:\/\/ententefoundation.ca\/fr\/nos-activites\/on-jase\/#primaryimage\"},\"thumbnailUrl\":\"https:\/\/ententefoundation.ca\/wp-content\/uploads\/2023\/03\/Chime_In_logo_FR-300x147.png\",\"datePublished\":\"2021-07-27T14:57:27+00:00\",\"dateModified\":\"2025-12-16T17:46:33+00:00\",\"breadcrumb\":{\"@id\":\"https:\/\/ententefoundation.ca\/fr\/nos-activites\/on-jase\/#breadcrumb\"},\"inLanguage\":\"fr-FR\",\"potentialAction\":[{\"@type\":\"ReadAction\",\"target\":[\"https:\/\/ententefoundation.ca\/fr\/nos-activites\/on-jase\/\"]}]},{\"@type\":\"ImageObject\",\"inLanguage\":\"fr-FR\",\"@id\":\"https:\/\/ententefoundation.ca\/fr\/nos-activites\/on-jase\/#primaryimage\",\"url\":\"https:\/\/ententefoundation.ca\/wp-content\/uploads\/2023\/03\/Chime_In_logo_FR-300x147.png\",\"contentUrl\":\"https:\/\/ententefoundation.ca\/wp-content\/uploads\/2023\/03\/Chime_In_logo_FR-300x147.png\"},{\"@type\":\"BreadcrumbList\",\"@id\":\"https:\/\/ententefoundation.ca\/fr\/nos-activites\/on-jase\/#breadcrumb\",\"itemListElement\":[{\"@type\":\"ListItem\",\"position\":1,\"name\":\"Accueil\",\"item\":\"https:\/\/ententefoundation.ca\/fr\/\"},{\"@type\":\"ListItem\",\"position\":2,\"name\":\"Notre travail\",\"item\":\"https:\/\/ententefoundation.ca\/our-work\/\"},{\"@type\":\"ListItem\",\"position\":3,\"name\":\"On jase\"}]},{\"@type\":\"WebSite\",\"@id\":\"https:\/\/ententefoundation.ca\/fr\/#website\",\"url\":\"https:\/\/ententefoundation.ca\/fr\/\",\"name\":\"Entente\",\"description\":\"Entente Foundation\",\"publisher\":{\"@id\":\"https:\/\/ententefoundation.ca\/fr\/#organization\"},\"potentialAction\":[{\"@type\":\"SearchAction\",\"target\":{\"@type\":\"EntryPoint\",\"urlTemplate\":\"https:\/\/ententefoundation.ca\/fr\/?s={search_term_string}\"},\"query-input\":{\"@type\":\"PropertyValueSpecification\",\"valueRequired\":true,\"valueName\":\"search_term_string\"}}],\"inLanguage\":\"fr-FR\"},{\"@type\":\"Organization\",\"@id\":\"https:\/\/ententefoundation.ca\/fr\/#organization\",\"name\":\"Entente\",\"url\":\"https:\/\/ententefoundation.ca\/fr\/\",\"logo\":{\"@type\":\"ImageObject\",\"inLanguage\":\"fr-FR\",\"@id\":\"https:\/\/ententefoundation.ca\/fr\/#\/schema\/logo\/image\/\",\"url\":\"https:\/\/ententefoundation.ca\/wp-content\/uploads\/2025\/09\/rtoero_foundation.jpg\",\"contentUrl\":\"https:\/\/ententefoundation.ca\/wp-content\/uploads\/2025\/09\/rtoero_foundation.jpg\",\"width\":293,\"height\":66,\"caption\":\"Entente\"},\"image\":{\"@id\":\"https:\/\/ententefoundation.ca\/fr\/#\/schema\/logo\/image\/\"},\"sameAs\":[\"https:\/\/www.facebook.com\/rto.ero\/\",\"https:\/\/x.com\/rto_ero\",\"https:\/\/www.linkedin.com\/company\/rto-ero\/\",\"https:\/\/www.youtube.com\/channel\/UC47hMHrlTrEyXgr2PGoqwSw\"]}]}<\/script>\n<!-- \/ Yoast SEO plugin. -->","yoast_head_json":{"title":"On jase - Entente","robots":{"index":"index","follow":"follow","max-snippet":"max-snippet:-1","max-image-preview":"max-image-preview:large","max-video-preview":"max-video-preview:-1"},"canonical":"https:\/\/ententefoundation.ca\/fr\/nos-activites\/on-jase\/","og_locale":"fr_FR","og_type":"article","og_title":"On jase - Entente","og_description":"La Fondation Entente vous invite \u00e0 On jase. On jase se veut un forum d\u2019\u00e9changes hebdomadaires r\u00e9guliers permettant aux membres de Entente \u00c9ducation Canada de [&hellip;]","og_url":"https:\/\/ententefoundation.ca\/fr\/nos-activites\/on-jase\/","og_site_name":"Entente","article_publisher":"https:\/\/www.facebook.com\/rto.ero\/","article_modified_time":"2025-12-16T17:46:33+00:00","og_image":[{"width":563,"height":275,"url":"https:\/\/ententefoundation.ca\/wp-content\/uploads\/2023\/03\/Chime_In_logo_FR-1.png","type":"image\/png"}],"twitter_card":"summary_large_image","twitter_site":"@rto_ero","twitter_misc":{"Est. reading time":"2 minutes"},"schema":{"@context":"https:\/\/schema.org","@graph":[{"@type":"WebPage","@id":"https:\/\/ententefoundation.ca\/fr\/nos-activites\/on-jase\/","url":"https:\/\/ententefoundation.ca\/fr\/nos-activites\/on-jase\/","name":"On jase - Entente","isPartOf":{"@id":"https:\/\/ententefoundation.ca\/fr\/#website"},"primaryImageOfPage":{"@id":"https:\/\/ententefoundation.ca\/fr\/nos-activites\/on-jase\/#primaryimage"},"image":{"@id":"https:\/\/ententefoundation.ca\/fr\/nos-activites\/on-jase\/#primaryimage"},"thumbnailUrl":"https:\/\/ententefoundation.ca\/wp-content\/uploads\/2023\/03\/Chime_In_logo_FR-300x147.png","datePublished":"2021-07-27T14:57:27+00:00","dateModified":"2025-12-16T17:46:33+00:00","breadcrumb":{"@id":"https:\/\/ententefoundation.ca\/fr\/nos-activites\/on-jase\/#breadcrumb"},"inLanguage":"fr-FR","potentialAction":[{"@type":"ReadAction","target":["https:\/\/ententefoundation.ca\/fr\/nos-activites\/on-jase\/"]}]},{"@type":"ImageObject","inLanguage":"fr-FR","@id":"https:\/\/ententefoundation.ca\/fr\/nos-activites\/on-jase\/#primaryimage","url":"https:\/\/ententefoundation.ca\/wp-content\/uploads\/2023\/03\/Chime_In_logo_FR-300x147.png","contentUrl":"https:\/\/ententefoundation.ca\/wp-content\/uploads\/2023\/03\/Chime_In_logo_FR-300x147.png"},{"@type":"BreadcrumbList","@id":"https:\/\/ententefoundation.ca\/fr\/nos-activites\/on-jase\/#breadcrumb","itemListElement":[{"@type":"ListItem","position":1,"name":"Accueil","item":"https:\/\/ententefoundation.ca\/fr\/"},{"@type":"ListItem","position":2,"name":"Notre travail","item":"https:\/\/ententefoundation.ca\/our-work\/"},{"@type":"ListItem","position":3,"name":"On jase"}]},{"@type":"WebSite","@id":"https:\/\/ententefoundation.ca\/fr\/#website","url":"https:\/\/ententefoundation.ca\/fr\/","name":"Entente","description":"Entente Foundation","publisher":{"@id":"https:\/\/ententefoundation.ca\/fr\/#organization"},"potentialAction":[{"@type":"SearchAction","target":{"@type":"EntryPoint","urlTemplate":"https:\/\/ententefoundation.ca\/fr\/?s={search_term_string}"},"query-input":{"@type":"PropertyValueSpecification","valueRequired":true,"valueName":"search_term_string"}}],"inLanguage":"fr-FR"},{"@type":"Organization","@id":"https:\/\/ententefoundation.ca\/fr\/#organization","name":"Entente","url":"https:\/\/ententefoundation.ca\/fr\/","logo":{"@type":"ImageObject","inLanguage":"fr-FR","@id":"https:\/\/ententefoundation.ca\/fr\/#\/schema\/logo\/image\/","url":"https:\/\/ententefoundation.ca\/wp-content\/uploads\/2025\/09\/rtoero_foundation.jpg","contentUrl":"https:\/\/ententefoundation.ca\/wp-content\/uploads\/2025\/09\/rtoero_foundation.jpg","width":293,"height":66,"caption":"Entente"},"image":{"@id":"https:\/\/ententefoundation.ca\/fr\/#\/schema\/logo\/image\/"},"sameAs":["https:\/\/www.facebook.com\/rto.ero\/","https:\/\/x.com\/rto_ero","https:\/\/www.linkedin.com\/company\/rto-ero\/","https:\/\/www.youtube.com\/channel\/UC47hMHrlTrEyXgr2PGoqwSw"]}]}},"_links":{"self":[{"href":"https:\/\/ententefoundation.ca\/fr\/wp-json\/wp\/v2\/pages\/8262","targetHints":{"allow":["GET"]}}],"collection":[{"href":"https:\/\/ententefoundation.ca\/fr\/wp-json\/wp\/v2\/pages"}],"about":[{"href":"https:\/\/ententefoundation.ca\/fr\/wp-json\/wp\/v2\/types\/page"}],"author":[{"embeddable":true,"href":"https:\/\/ententefoundation.ca\/fr\/wp-json\/wp\/v2\/users\/5"}],"replies":[{"embeddable":true,"href":"https:\/\/ententefoundation.ca\/fr\/wp-json\/wp\/v2\/comments?post=8262"}],"version-history":[{"count":0,"href":"https:\/\/ententefoundation.ca\/fr\/wp-json\/wp\/v2\/pages\/8262\/revisions"}],"up":[{"embeddable":true,"href":"https:\/\/ententefoundation.ca\/fr\/wp-json\/wp\/v2\/pages\/1785"}],"wp:attachment":[{"href":"https:\/\/ententefoundation.ca\/fr\/wp-json\/wp\/v2\/media?parent=8262"}],"curies":[{"name":"wp","href":"https:\/\/api.w.org\/{rel}","templated":true}]}}