{"id":27152,"date":"2026-04-16T15:53:41","date_gmt":"2026-04-16T19:53:41","guid":{"rendered":"https:\/\/ententefoundation.ca\/?page_id=27152"},"modified":"2026-04-22T13:42:50","modified_gmt":"2026-04-22T17:42:50","slug":"plan-strategique","status":"publish","type":"page","link":"https:\/\/ententefoundation.ca\/fr\/a-propos\/plan-strategique\/","title":{"rendered":"Plan strat\u00e9gique"},"content":{"rendered":"\n<p class=\"intro-body-copy\">Tout ce que nous faisons refl\u00e8te notre objectif, notre mission, notre vision et nos objectifs strat\u00e9giques.<br><\/p>\n\n\n\n<p><strong>Objectif&nbsp;: <\/strong>La Fondation Entente vise \u00e0 renforcer les valeurs et la g\u00e9n\u00e9rosit\u00e9 des membres et des partenaires d\u2019Entente \u00c9ducation Canada gr\u00e2ce \u00e0 la philanthropie collective et \u00e0 l\u2019impact communautaire novateur, contribuant ainsi \u00e0 cr\u00e9er un Canada o\u00f9 tout le monde peut vivre, apprendre et vieillir ad\u00e9quatement.<\/p>\n\n\n\n<p><strong>Mission&nbsp;:<\/strong>&nbsp;Financer, partager et c\u00e9l\u00e9brer la recherche, l\u2019innovation et les initiatives communautaires qui favorisent des collectivit\u00e9s en sant\u00e9, solidaires et engag\u00e9es dans l\u2019apprentissage continu.<\/p>\n\n\n\n<p><strong>Vision&nbsp;:<\/strong>&nbsp;Un Canada o\u00f9 les communaut\u00e9s favorisent l\u2019apprentissage, le bien-\u00eatre et les liens entre les g\u00e9n\u00e9rations, en cr\u00e9ant des milieux de vie o\u00f9 les gens peuvent s\u2019\u00e9panouir, prosp\u00e9rer et redonner \u00e0 la collectivit\u00e9.<\/p>\n\n\n\n<p>Notre <strong><a href=\"https:\/\/ententefoundation.ca\/media\/Plan-strategique.pdf\">Plan strat\u00e9gique\u00a02028 <\/a><\/strong>s\u2019appuie sur trois grands objectifs qui guideront nos actions de 2026 \u00e0 2028\u00a0:<strong>\u00a0<\/strong><\/p>\n\n\n\n<ul class=\"wp-block-list\">\n<li>Augmenter consid\u00e9rablement le nombre de membres d\u2019Entente \u00c9ducation Canada et de partenaires philanthropiques qui contribuent \u00e0 la Fondation<\/li>\n\n\n\n<li>Accro\u00eetre notre capacit\u00e9 \u00e0 financer des initiatives d\u2019apprentissage \u00e0 fort impact et \u00e0 am\u00e9liorer le bien-\u00eatre des a\u00een\u00e9s partout au Canada<\/li>\n\n\n\n<li>Renforcer la valeur et le lien que les membres ressentent envers Entente \u00c9ducation Canada gr\u00e2ce \u00e0 notre impact commun<\/li>\n<\/ul>\n\n\n\n<p>D\u2019ici 2029, la Fondation Entente sera reconnue comme un leader national dans la promotion de l\u2019engagement social, de l\u2019apprentissage et du vieillissement en sant\u00e9 par le recours \u00e0 la philanthropie, \u00e0 des actions fond\u00e9es sur des donn\u00e9es probantes et \u00e0 des partenariats solides.<\/p>\n","protected":false},"excerpt":{"rendered":"<p>Tout ce que nous faisons refl\u00e8te notre objectif, notre mission, notre vision et nos objectifs strat\u00e9giques. Objectif&nbsp;: La Fondation Entente vise \u00e0 renforcer les valeurs [&hellip;]<\/p>\n","protected":false},"author":9,"featured_media":0,"parent":1797,"menu_order":0,"comment_status":"closed","ping_status":"closed","template":"","meta":{"_acf_changed":false,"footnotes":"","_links_to":"","_links_to_target":""},"class_list":["post-27152","page","type-page","status-publish","hentry"],"featured_image_src":null,"acf":[],"yoast_head":"<!-- This site is optimized with the Yoast SEO plugin v27.4 - https:\/\/yoast.com\/product\/yoast-seo-wordpress\/ -->\n<title>Plan strat\u00e9gique - Entente<\/title>\n<meta name=\"robots\" content=\"index, follow, max-snippet:-1, max-image-preview:large, max-video-preview:-1\" \/>\n<link rel=\"canonical\" href=\"https:\/\/ententefoundation.ca\/fr\/a-propos\/plan-strategique\/\" \/>\n<meta property=\"og:locale\" content=\"fr_FR\" \/>\n<meta property=\"og:type\" content=\"article\" \/>\n<meta property=\"og:title\" content=\"Plan strat\u00e9gique - Entente\" \/>\n<meta property=\"og:description\" content=\"Tout ce que nous faisons refl\u00e8te notre objectif, notre mission, notre vision et nos objectifs strat\u00e9giques. Objectif&nbsp;: La Fondation Entente vise \u00e0 renforcer les valeurs [&hellip;]\" \/>\n<meta property=\"og:url\" content=\"https:\/\/ententefoundation.ca\/fr\/a-propos\/plan-strategique\/\" \/>\n<meta property=\"og:site_name\" content=\"Entente\" \/>\n<meta property=\"article:publisher\" content=\"https:\/\/www.facebook.com\/rto.ero\/\" \/>\n<meta property=\"article:modified_time\" content=\"2026-04-22T17:42:50+00:00\" \/>\n<meta property=\"og:image\" content=\"https:\/\/ententefoundation.ca\/wp-content\/uploads\/2026\/02\/featured-image.png\" \/>\n\t<meta property=\"og:image:width\" content=\"1140\" \/>\n\t<meta property=\"og:image:height\" content=\"690\" \/>\n\t<meta property=\"og:image:type\" content=\"image\/png\" \/>\n<meta name=\"twitter:card\" content=\"summary_large_image\" \/>\n<meta name=\"twitter:site\" content=\"@rto_ero\" \/>\n<meta name=\"twitter:label1\" content=\"Est. reading time\" \/>\n\t<meta name=\"twitter:data1\" content=\"2 minutes\" \/>\n<script type=\"application\/ld+json\" class=\"yoast-schema-graph\">{\"@context\":\"https:\\\/\\\/schema.org\",\"@graph\":[{\"@type\":\"WebPage\",\"@id\":\"https:\\\/\\\/ententefoundation.ca\\\/fr\\\/a-propos\\\/plan-strategique\\\/\",\"url\":\"https:\\\/\\\/ententefoundation.ca\\\/fr\\\/a-propos\\\/plan-strategique\\\/\",\"name\":\"Plan strat\u00e9gique - Entente\",\"isPartOf\":{\"@id\":\"https:\\\/\\\/ententefoundation.ca\\\/fr\\\/#website\"},\"datePublished\":\"2026-04-16T19:53:41+00:00\",\"dateModified\":\"2026-04-22T17:42:50+00:00\",\"breadcrumb\":{\"@id\":\"https:\\\/\\\/ententefoundation.ca\\\/fr\\\/a-propos\\\/plan-strategique\\\/#breadcrumb\"},\"inLanguage\":\"fr-FR\",\"potentialAction\":[{\"@type\":\"ReadAction\",\"target\":[\"https:\\\/\\\/ententefoundation.ca\\\/fr\\\/a-propos\\\/plan-strategique\\\/\"]}]},{\"@type\":\"BreadcrumbList\",\"@id\":\"https:\\\/\\\/ententefoundation.ca\\\/fr\\\/a-propos\\\/plan-strategique\\\/#breadcrumb\",\"itemListElement\":[{\"@type\":\"ListItem\",\"position\":1,\"name\":\"Accueil\",\"item\":\"https:\\\/\\\/ententefoundation.ca\\\/fr\\\/\"},{\"@type\":\"ListItem\",\"position\":2,\"name\":\"\u00c0 propos de\",\"item\":\"https:\\\/\\\/ententefoundation.ca\\\/fr\\\/a-propos\\\/\"},{\"@type\":\"ListItem\",\"position\":3,\"name\":\"Plan strat\u00e9gique\"}]},{\"@type\":\"WebSite\",\"@id\":\"https:\\\/\\\/ententefoundation.ca\\\/fr\\\/#website\",\"url\":\"https:\\\/\\\/ententefoundation.ca\\\/fr\\\/\",\"name\":\"Entente\",\"description\":\"Entente Foundation\",\"publisher\":{\"@id\":\"https:\\\/\\\/ententefoundation.ca\\\/fr\\\/#organization\"},\"potentialAction\":[{\"@type\":\"SearchAction\",\"target\":{\"@type\":\"EntryPoint\",\"urlTemplate\":\"https:\\\/\\\/ententefoundation.ca\\\/fr\\\/?s={search_term_string}\"},\"query-input\":{\"@type\":\"PropertyValueSpecification\",\"valueRequired\":true,\"valueName\":\"search_term_string\"}}],\"inLanguage\":\"fr-FR\"},{\"@type\":\"Organization\",\"@id\":\"https:\\\/\\\/ententefoundation.ca\\\/fr\\\/#organization\",\"name\":\"Entente\",\"url\":\"https:\\\/\\\/ententefoundation.ca\\\/fr\\\/\",\"logo\":{\"@type\":\"ImageObject\",\"inLanguage\":\"fr-FR\",\"@id\":\"https:\\\/\\\/ententefoundation.ca\\\/fr\\\/#\\\/schema\\\/logo\\\/image\\\/\",\"url\":\"https:\\\/\\\/ententefoundation.ca\\\/wp-content\\\/uploads\\\/2025\\\/09\\\/rtoero_foundation.jpg\",\"contentUrl\":\"https:\\\/\\\/ententefoundation.ca\\\/wp-content\\\/uploads\\\/2025\\\/09\\\/rtoero_foundation.jpg\",\"width\":293,\"height\":66,\"caption\":\"Entente\"},\"image\":{\"@id\":\"https:\\\/\\\/ententefoundation.ca\\\/fr\\\/#\\\/schema\\\/logo\\\/image\\\/\"},\"sameAs\":[\"https:\\\/\\\/www.facebook.com\\\/rto.ero\\\/\",\"https:\\\/\\\/x.com\\\/rto_ero\",\"https:\\\/\\\/www.linkedin.com\\\/company\\\/rto-ero\\\/\",\"https:\\\/\\\/www.youtube.com\\\/channel\\\/UC47hMHrlTrEyXgr2PGoqwSw\"]}]}<\/script>\n<!-- \/ Yoast SEO plugin. -->","yoast_head_json":{"title":"Plan strat\u00e9gique - Entente","robots":{"index":"index","follow":"follow","max-snippet":"max-snippet:-1","max-image-preview":"max-image-preview:large","max-video-preview":"max-video-preview:-1"},"canonical":"https:\/\/ententefoundation.ca\/fr\/a-propos\/plan-strategique\/","og_locale":"fr_FR","og_type":"article","og_title":"Plan strat\u00e9gique - Entente","og_description":"Tout ce que nous faisons refl\u00e8te notre objectif, notre mission, notre vision et nos objectifs strat\u00e9giques. Objectif&nbsp;: La Fondation Entente vise \u00e0 renforcer les valeurs [&hellip;]","og_url":"https:\/\/ententefoundation.ca\/fr\/a-propos\/plan-strategique\/","og_site_name":"Entente","article_publisher":"https:\/\/www.facebook.com\/rto.ero\/","article_modified_time":"2026-04-22T17:42:50+00:00","og_image":[{"width":1140,"height":690,"url":"https:\/\/ententefoundation.ca\/wp-content\/uploads\/2026\/02\/featured-image.png","type":"image\/png"}],"twitter_card":"summary_large_image","twitter_site":"@rto_ero","twitter_misc":{"Est. reading time":"2 minutes"},"schema":{"@context":"https:\/\/schema.org","@graph":[{"@type":"WebPage","@id":"https:\/\/ententefoundation.ca\/fr\/a-propos\/plan-strategique\/","url":"https:\/\/ententefoundation.ca\/fr\/a-propos\/plan-strategique\/","name":"Plan strat\u00e9gique - Entente","isPartOf":{"@id":"https:\/\/ententefoundation.ca\/fr\/#website"},"datePublished":"2026-04-16T19:53:41+00:00","dateModified":"2026-04-22T17:42:50+00:00","breadcrumb":{"@id":"https:\/\/ententefoundation.ca\/fr\/a-propos\/plan-strategique\/#breadcrumb"},"inLanguage":"fr-FR","potentialAction":[{"@type":"ReadAction","target":["https:\/\/ententefoundation.ca\/fr\/a-propos\/plan-strategique\/"]}]},{"@type":"BreadcrumbList","@id":"https:\/\/ententefoundation.ca\/fr\/a-propos\/plan-strategique\/#breadcrumb","itemListElement":[{"@type":"ListItem","position":1,"name":"Accueil","item":"https:\/\/ententefoundation.ca\/fr\/"},{"@type":"ListItem","position":2,"name":"\u00c0 propos de","item":"https:\/\/ententefoundation.ca\/fr\/a-propos\/"},{"@type":"ListItem","position":3,"name":"Plan strat\u00e9gique"}]},{"@type":"WebSite","@id":"https:\/\/ententefoundation.ca\/fr\/#website","url":"https:\/\/ententefoundation.ca\/fr\/","name":"Entente","description":"Entente Foundation","publisher":{"@id":"https:\/\/ententefoundation.ca\/fr\/#organization"},"potentialAction":[{"@type":"SearchAction","target":{"@type":"EntryPoint","urlTemplate":"https:\/\/ententefoundation.ca\/fr\/?s={search_term_string}"},"query-input":{"@type":"PropertyValueSpecification","valueRequired":true,"valueName":"search_term_string"}}],"inLanguage":"fr-FR"},{"@type":"Organization","@id":"https:\/\/ententefoundation.ca\/fr\/#organization","name":"Entente","url":"https:\/\/ententefoundation.ca\/fr\/","logo":{"@type":"ImageObject","inLanguage":"fr-FR","@id":"https:\/\/ententefoundation.ca\/fr\/#\/schema\/logo\/image\/","url":"https:\/\/ententefoundation.ca\/wp-content\/uploads\/2025\/09\/rtoero_foundation.jpg","contentUrl":"https:\/\/ententefoundation.ca\/wp-content\/uploads\/2025\/09\/rtoero_foundation.jpg","width":293,"height":66,"caption":"Entente"},"image":{"@id":"https:\/\/ententefoundation.ca\/fr\/#\/schema\/logo\/image\/"},"sameAs":["https:\/\/www.facebook.com\/rto.ero\/","https:\/\/x.com\/rto_ero","https:\/\/www.linkedin.com\/company\/rto-ero\/","https:\/\/www.youtube.com\/channel\/UC47hMHrlTrEyXgr2PGoqwSw"]}]}},"_links":{"self":[{"href":"https:\/\/ententefoundation.ca\/fr\/wp-json\/wp\/v2\/pages\/27152","targetHints":{"allow":["GET"]}}],"collection":[{"href":"https:\/\/ententefoundation.ca\/fr\/wp-json\/wp\/v2\/pages"}],"about":[{"href":"https:\/\/ententefoundation.ca\/fr\/wp-json\/wp\/v2\/types\/page"}],"author":[{"embeddable":true,"href":"https:\/\/ententefoundation.ca\/fr\/wp-json\/wp\/v2\/users\/9"}],"replies":[{"embeddable":true,"href":"https:\/\/ententefoundation.ca\/fr\/wp-json\/wp\/v2\/comments?post=27152"}],"version-history":[{"count":0,"href":"https:\/\/ententefoundation.ca\/fr\/wp-json\/wp\/v2\/pages\/27152\/revisions"}],"up":[{"embeddable":true,"href":"https:\/\/ententefoundation.ca\/fr\/wp-json\/wp\/v2\/pages\/1797"}],"wp:attachment":[{"href":"https:\/\/ententefoundation.ca\/fr\/wp-json\/wp\/v2\/media?parent=27152"}],"curies":[{"name":"wp","href":"https:\/\/api.w.org\/{rel}","templated":true}]}}