{"id":23527,"date":"2024-10-21T11:39:42","date_gmt":"2024-10-21T15:39:42","guid":{"rendered":"https:\/\/rtoero.ca\/?page_id=23527"},"modified":"2024-10-21T11:39:42","modified_gmt":"2024-10-21T15:39:42","slug":"trousse-assurance","status":"publish","type":"page","link":"https:\/\/ententefoundation.ca\/fr\/trousse-assurance\/","title":{"rendered":"Trousse Assurance\u00a0"},"content":{"rendered":"<p><a href=\"tel:1-800-361-9888\">1-800-361-9888<\/a><a href=\"https:\/\/ententefoundation.ca\/insurance-bundle\/\" data-tcb_hover_state_parent=\"\"><strong>EN<\/strong><\/a><\/p>\n<p><span><a href=\"https:\/\/ententefoundation.ca\/fr\"><img decoding=\"async\" alt=\"\" data-id=\"8595\" data-init-width=\"203\" data-init-height=\"88\" title=\"Rto Logo White Text\" data-src=\"https:\/\/ententefoundation.ca\/wp-content\/uploads\/2024\/10\/rto_logo-white-text.svg\" data-width=\"209\" data-height=\"91\" data-link-wrap=\"true\" style=\"aspect-ratio: auto 203 \/ 88\" width=\"209\" height=\"91\" src=\"https:\/\/ententefoundation.ca\/wp-content\/uploads\/2024\/10\/rto_logo-white-text.svg\" loading=\"lazy\"><img decoding=\"async\" alt=\"\" data-id=\"8595\" data-init-width=\"203\" data-init-height=\"88\" title=\"Rto Logo White Text\" src=\"https:\/\/ententefoundation.ca\/wp-content\/uploads\/2024\/10\/rto_logo-white-text.svg\" data-width=\"209\" data-height=\"91\" data-link-wrap=\"true\" style=\"aspect-ratio: auto 203 \/ 88\" width=\"209\" height=\"91\" loading=\"lazy\"><\/a><\/span><\/p>\n<h1>T\u00e9l\u00e9chargez les informations du R\u00e9gimes d\u2019assurance collective Entente pour le secteur de l\u2019\u00e9ducation canadien.<\/h1>\n<p>D\u00e9veloppez vos connaissances et planifiez votre tranquillit\u00e9 d\u2019esprit avec nos ressources sur la s\u00e9lection d\u2019une assurance sant\u00e9.<\/p>\n<p><em><strong>\u00ab Dans un avenir id\u00e9al, nos besoins en soins de sant\u00e9 seraient tous combl\u00e9s sans avoir besoin d\u2019assurance\u2014mais ce n\u2019est pas la r\u00e9alit\u00e9 actuelle. Surtout en vieillissant, savoir que nos besoins de sant\u00e9 seront couverts et nos finances prot\u00e9g\u00e9es est un important soulagement. Nous avons rassembl\u00e9 des outils pour vous aider \u00e0 prendre une d\u00e9cision \u00e9clair\u00e9e. \u00bb<\/strong><\/em><\/p>\n<p><strong>Jim GrieveDirecteur g\u00e9n\u00e9ral<\/strong><strong>de RTOERO<\/strong><\/p>\n<p><span><img decoding=\"async\" alt=\"\" data-id=\"23551\" data-init-width=\"207\" data-init-height=\"228\" title=\"Jim Grieve\" data-src=\"https:\/\/ententefoundation.ca\/wp-content\/uploads\/2024\/10\/Jim-Grieve.png\" data-width=\"207\" data-height=\"228\" style=\"aspect-ratio: auto 207 \/ 228\" width=\"207\" height=\"228\" src=\"https:\/\/ententefoundation.ca\/wp-content\/uploads\/2024\/10\/Jim-Grieve.png\" loading=\"lazy\"><img decoding=\"async\" alt=\"\" data-id=\"13613\" data-init-width=\"207\" data-init-height=\"228\" title=\"Jim Grieve\" src=\"https:\/\/ententefoundation.ca\/wp-content\/uploads\/2024\/10\/Jim-Grieve.png\" data-width=\"207\" data-height=\"228\" style=\"aspect-ratio: auto 207 \/ 228\" width=\"207\" height=\"228\" loading=\"lazy\"><\/span><\/p>\n<h2>Prenez une d\u00e9cision \u00e9clair\u00e9e<\/h2>\n<p><span style=\"font-weight: normal\">Notre couverture sant\u00e9 collective s\u2019adresse aux retrait\u00e9s et travailleurs du secteur de l\u2019\u00e9ducation ainsi qu\u2019\u00e0 leur famille imm\u00e9diate.<\/span><\/p>\n<ul>\n<li><span style=\"font-weight: normal\">D\u00e9couvrez les \u00e9l\u00e9ments \u00e0 prendre en compte pour comparer vos options d\u2019assurance<\/span><\/li>\n<li><span style=\"font-weight: normal\">Renseignez-vous sur les R\u00e9gimes d\u2019assurance collective Entente<\/span><\/li>\n<li><span style=\"font-weight: normal\">Comprenez les avantages de notre programme d\u2019assurance collective par rapport aux produits individuels sur le march\u00e9<\/span><\/li>\n<\/ul>\n<p><span><img decoding=\"async\" alt=\"\" data-id=\"13613\" data-init-width=\"207\" data-init-height=\"228\" title=\"Jim Grieve\" data-src=\"https:\/\/ententefoundation.ca\/wp-content\/uploads\/2024\/10\/Jim-Grieve.png\" data-width=\"207\" data-height=\"228\" style=\"aspect-ratio: auto 207 \/ 228\" width=\"207\" height=\"228\" src=\"https:\/\/ententefoundation.ca\/wp-content\/uploads\/2024\/10\/Jim-Grieve.png\" loading=\"lazy\"><img decoding=\"async\" alt=\"\" data-id=\"13613\" data-init-width=\"207\" data-init-height=\"228\" title=\"Jim Grieve\" src=\"https:\/\/ententefoundation.ca\/wp-content\/uploads\/2024\/10\/Jim-Grieve.png\" data-width=\"207\" data-height=\"228\" style=\"aspect-ratio: auto 207 \/ 228\" width=\"207\" height=\"228\" loading=\"lazy\"><\/span><\/p>\n<h2>Voici le contenu de cette trousse<\/h2>\n<ul>\n<li><span style=\"font-weight: normal\">Tableau des primes d\u2019assurance du R\u00e9gimes d\u2019assurance collective Entente<\/span><\/li>\n<li><span style=\"font-weight: normal\">Liste de v\u00e9rification pour la comparaison de r\u00e9gimes d\u2019assurance<\/span><\/li>\n<li><span style=\"font-weight: normal\">Esprit, notre brochure d&rsquo;informations sur l&rsquo;adh\u00e9sion et l&rsquo;assurance collective de RTOERO<\/span><\/li>\n<li><span style=\"font-weight: normal\"><em>L\u2019\u00e9cart de la couverture en mati\u00e8re de sant\u00e9<\/em>, notre livre blanc populaire sur la pr\u00e9servation de la sant\u00e9 et le bien-\u00eatre<\/span><\/li>\n<\/ul>\n<p><span><img decoding=\"async\" alt=\"Insurance Information Bundle FR\" data-id=\"23569\" data-init-width=\"477\" data-init-height=\"514\" title=\"Insurance Information Bundle FR\" data-src=\"https:\/\/ententefoundation.ca\/wp-content\/uploads\/2024\/10\/retirement_bundle_french.png\" data-width=\"467\" data-height=\"503\" style=\"aspect-ratio: auto 477 \/ 514\" width=\"467\" height=\"503\" src=\"https:\/\/ententefoundation.ca\/wp-content\/uploads\/2024\/10\/insurance_information_bundle_FR.png\" loading=\"lazy\"><img decoding=\"async\" alt=\"\" data-id=\"13965\" data-init-width=\"477\" data-init-height=\"514\" title=\"Retirement Bundle French\" src=\"https:\/\/ententefoundation.ca\/wp-content\/uploads\/2024\/10\/retirement_bundle_french.png\" data-width=\"467\" data-height=\"503\" style=\"aspect-ratio: auto 477 \/ 514\" width=\"467\" height=\"503\" loading=\"lazy\"><\/span><\/p>\n<h2 style=\"text-align: center\">D\u00e9veloppez vos connaissances pour faire le bon choix. Acc\u00e9dez imm\u00e9diatement aux informations.<\/h2>\n<p><span style=\"font-weight: normal\">RTOERO est une voix bilingue reconnue visant \u00e0 ce que les personnes du secteur de l\u2019\u00e9ducation m\u00e8nent une vie saine et active \u00e0 la retraite. Avec plus de 86 000 membres et 51 districts \u00e0 travers le Canada, nous sommes le plus important fournisseur national de r\u00e9gimes d\u2019assurance sant\u00e9 collective sans but lucratif pour les personnes du secteur de l\u2019\u00e9ducation. Nous accueillons les membres qui travaillent ou sont retrait\u00e9s des secteurs de la petite enfance, des \u00e9coles et des conseils scolaires, du postsecondaire et de l\u2019\u00e9ducation dans son ensemble, ainsi que leur famille imm\u00e9diate. Nous croyons en un avenir meilleur, ensemble !<\/span><\/p>\n<h2>Communiquer avec nous<\/h2>\n<p><strong>18 chemin Spadina,<\/strong><strong>Toronto, Ontario M5R 2S7<\/strong><strong>T\u00e9l\u00e9phone :<\/strong>&nbsp;416-962-9463<strong>Sans frais :<\/strong>&nbsp;1-800-361-9888<strong>T\u00e9l\u00e9copieur :<\/strong>&nbsp;416-962-1061<strong>Courriel :<\/strong>&nbsp;<a href=\"mailto:info@rtoero.ca\">info@rtoero.ca<\/a><\/p>\n<h2>Nous suivre<\/h2>\n<p><span><a href=\"https:\/\/www.facebook.com\/rto.ero\/\" target=\"_blank\" rel=\"noopener\"><img decoding=\"async\" alt=\"\" data-id=\"13645\" data-init-width=\"40\" data-init-height=\"33\" title=\"Facebook\" data-src=\"https:\/\/ententefoundation.ca\/wp-content\/uploads\/2024\/10\/facebook.png\" data-width=\"40\" data-height=\"33\" data-link-wrap=\"true\" style=\"aspect-ratio: auto 40 \/ 33\" width=\"40\" height=\"33\" src=\"https:\/\/ententefoundation.ca\/wp-content\/uploads\/2024\/10\/facebook.png\" loading=\"lazy\"><img decoding=\"async\" alt=\"\" data-id=\"13645\" data-init-width=\"40\" data-init-height=\"33\" title=\"Facebook\" src=\"https:\/\/ententefoundation.ca\/wp-content\/uploads\/2024\/10\/facebook.png\" data-width=\"40\" data-height=\"33\" data-link-wrap=\"true\" style=\"aspect-ratio: auto 40 \/ 33\" width=\"40\" height=\"33\" loading=\"lazy\"><\/a><\/span><span><a href=\"https:\/\/twitter.com\/rto_ero\" target=\"_blank\" rel=\"noopener\"><img decoding=\"async\" alt=\"\" data-id=\"13649\" data-init-width=\"40\" data-init-height=\"33\" title=\"Twitter\" data-src=\"https:\/\/ententefoundation.ca\/wp-content\/uploads\/2024\/10\/twitter.png\" data-width=\"40\" data-height=\"33\" data-link-wrap=\"true\" width=\"40\" height=\"33\" style=\"aspect-ratio: auto 40 \/ 33\" src=\"https:\/\/ententefoundation.ca\/wp-content\/uploads\/2024\/10\/twitter.png\" loading=\"lazy\"><img decoding=\"async\" alt=\"\" data-id=\"13649\" data-init-width=\"40\" data-init-height=\"33\" title=\"Twitter\" src=\"https:\/\/ententefoundation.ca\/wp-content\/uploads\/2024\/10\/twitter.png\" data-width=\"40\" data-height=\"33\" data-link-wrap=\"true\" width=\"40\" height=\"33\" loading=\"lazy\" style=\"aspect-ratio: auto 40 \/ 33\"><\/a><\/span><span><a href=\"https:\/\/www.linkedin.com\/company\/rto-ero\/\" target=\"_blank\" rel=\"noopener\"><img decoding=\"async\" alt=\"\" data-id=\"13647\" data-init-width=\"40\" data-init-height=\"33\" title=\"Linkedin\" data-src=\"https:\/\/ententefoundation.ca\/wp-content\/uploads\/2024\/10\/linkedin.png\" data-width=\"40\" data-height=\"33\" data-link-wrap=\"true\" width=\"40\" height=\"33\" style=\"aspect-ratio: auto 40 \/ 33\" src=\"https:\/\/ententefoundation.ca\/wp-content\/uploads\/2024\/10\/linkedin.png\" loading=\"lazy\"><img decoding=\"async\" alt=\"\" data-id=\"13647\" data-init-width=\"40\" data-init-height=\"33\" title=\"Linkedin\" src=\"https:\/\/ententefoundation.ca\/wp-content\/uploads\/2024\/10\/linkedin.png\" data-width=\"40\" data-height=\"33\" data-link-wrap=\"true\" width=\"40\" height=\"33\" loading=\"lazy\" style=\"aspect-ratio: auto 40 \/ 33\"><\/a><\/span><span><a href=\"https:\/\/www.youtube.com\/channel\/UC47hMHrlTrEyXgr2PGoqwSw\" target=\"_blank\" rel=\"noopener\"><img decoding=\"async\" alt=\"\" data-id=\"13651\" data-init-width=\"40\" data-init-height=\"33\" title=\"Youtube\" data-src=\"https:\/\/ententefoundation.ca\/wp-content\/uploads\/2024\/10\/youtube.png\" data-width=\"40\" data-height=\"33\" data-link-wrap=\"true\" width=\"40\" height=\"33\" style=\"aspect-ratio: auto 40 \/ 33\" src=\"https:\/\/ententefoundation.ca\/wp-content\/uploads\/2024\/10\/youtube.png\" loading=\"lazy\"><img decoding=\"async\" alt=\"\" data-id=\"13651\" data-init-width=\"40\" data-init-height=\"33\" title=\"Youtube\" src=\"https:\/\/ententefoundation.ca\/wp-content\/uploads\/2024\/10\/youtube.png\" data-width=\"40\" data-height=\"33\" data-link-wrap=\"true\" width=\"40\" height=\"33\" loading=\"lazy\" style=\"aspect-ratio: auto 40 \/ 33\"><\/a><\/span><\/p>\n<p><span style=\"font-weight: normal\"><strong><a href=\"https:\/\/rtoero.ca\/privacy-policy\/\"><span style=\"font-weight: normal\">Politique de confidentialit\u00e9<\/span><\/a><\/strong><\/span><a href=\"https:\/\/rtoero.ca\/social-media-policy\/\"><span style=\"font-weight: normal\">Politique des m\u00e9dias sociaux<\/span><\/a><a href=\"https:\/\/rtoero.ca\/accessibility-policy\/\"><span style=\"font-weight: normal\">Accessibilit\u00e9<\/span><\/a><\/p>\n<p><span style=\"font-weight: normal\">Droit d\u2019auteur \u00a9 2024 RTOERO<\/span><\/p>\n","protected":false},"excerpt":{"rendered":"<p>1-800-361-9888EN T\u00e9l\u00e9chargez les informations du R\u00e9gimes d\u2019assurance collective Entente pour le secteur de l\u2019\u00e9ducation canadien. D\u00e9veloppez vos connaissances et planifiez votre tranquillit\u00e9 d\u2019esprit avec nos [&hellip;]<\/p>\n","protected":false},"author":5,"featured_media":13128,"parent":0,"menu_order":0,"comment_status":"closed","ping_status":"closed","template":"","meta":{"_acf_changed":false,"ub_ctt_via":"","footnotes":"","_links_to":"","_links_to_target":""},"class_list":["post-23527","page","type-page","status-publish","has-post-thumbnail","hentry"],"acf":[],"featured_image_src":"https:\/\/ententefoundation.ca\/wp-content\/uploads\/2022\/05\/Insurance-plans-for-retirement-consider-these-5-things-1-1.jpg","yoast_head":"<!-- This site is optimized with the Yoast SEO plugin v26.9 - https:\/\/yoast.com\/product\/yoast-seo-wordpress\/ -->\n<title>Trousse Assurance\u00a0 - Entente<\/title>\n<meta name=\"robots\" content=\"index, follow, max-snippet:-1, max-image-preview:large, max-video-preview:-1\" \/>\n<link rel=\"canonical\" href=\"https:\/\/ententefoundation.ca\/fr\/trousse-assurance\/\" \/>\n<meta property=\"og:locale\" content=\"fr_FR\" \/>\n<meta property=\"og:type\" content=\"article\" \/>\n<meta property=\"og:title\" content=\"Prenez une d\u00e9cision \u00e9clair\u00e9e\" \/>\n<meta property=\"og:description\" content=\"Planifiez votre tranquillit\u00e9 d\u2019esprit avec nos ressources sur la s\u00e9lection d\u2019une assurance sant\u00e9.\" \/>\n<meta property=\"og:url\" content=\"https:\/\/ententefoundation.ca\/fr\/trousse-assurance\/\" \/>\n<meta property=\"og:site_name\" content=\"Entente\" \/>\n<meta property=\"article:publisher\" content=\"https:\/\/www.facebook.com\/rto.ero\/\" \/>\n<meta property=\"og:image\" content=\"https:\/\/ententefoundation.ca\/wp-content\/uploads\/2022\/05\/Insurance-plans-for-retirement-consider-these-5-things-1-1.jpg\" \/>\n\t<meta property=\"og:image:width\" content=\"1140\" \/>\n\t<meta property=\"og:image:height\" content=\"690\" \/>\n\t<meta property=\"og:image:type\" content=\"image\/jpeg\" \/>\n<meta name=\"twitter:card\" content=\"summary_large_image\" \/>\n<meta name=\"twitter:title\" content=\"Prenez une d\u00e9cision \u00e9clair\u00e9e\" \/>\n<meta name=\"twitter:description\" content=\"Planifiez votre tranquillit\u00e9 d\u2019esprit avec nos ressources sur la s\u00e9lection d\u2019une assurance sant\u00e9.\" \/>\n<meta name=\"twitter:image\" content=\"https:\/\/ententefoundation.ca\/wp-content\/uploads\/2022\/05\/Cinq-facteurs-a-prendre-compte-en-choisissant-dassurance-2.jpg\" \/>\n<meta name=\"twitter:site\" content=\"@rto_ero\" \/>\n<meta name=\"twitter:label1\" content=\"Est. reading time\" \/>\n\t<meta name=\"twitter:data1\" content=\"4 minutes\" \/>\n<script type=\"application\/ld+json\" class=\"yoast-schema-graph\">{\"@context\":\"https:\/\/schema.org\",\"@graph\":[{\"@type\":\"WebPage\",\"@id\":\"https:\/\/ententefoundation.ca\/fr\/trousse-assurance\/\",\"url\":\"https:\/\/ententefoundation.ca\/fr\/trousse-assurance\/\",\"name\":\"Trousse Assurance\u00a0 - Entente\",\"isPartOf\":{\"@id\":\"https:\/\/ententefoundation.ca\/fr\/#website\"},\"primaryImageOfPage\":{\"@id\":\"https:\/\/ententefoundation.ca\/fr\/trousse-assurance\/#primaryimage\"},\"image\":{\"@id\":\"https:\/\/ententefoundation.ca\/fr\/trousse-assurance\/#primaryimage\"},\"thumbnailUrl\":\"https:\/\/ententefoundation.ca\/wp-content\/uploads\/2022\/05\/Insurance-plans-for-retirement-consider-these-5-things-1-1.jpg\",\"datePublished\":\"2024-10-21T15:39:42+00:00\",\"breadcrumb\":{\"@id\":\"https:\/\/ententefoundation.ca\/fr\/trousse-assurance\/#breadcrumb\"},\"inLanguage\":\"fr-FR\",\"potentialAction\":[{\"@type\":\"ReadAction\",\"target\":[\"https:\/\/ententefoundation.ca\/fr\/trousse-assurance\/\"]}]},{\"@type\":\"ImageObject\",\"inLanguage\":\"fr-FR\",\"@id\":\"https:\/\/ententefoundation.ca\/fr\/trousse-assurance\/#primaryimage\",\"url\":\"https:\/\/ententefoundation.ca\/wp-content\/uploads\/2022\/05\/Insurance-plans-for-retirement-consider-these-5-things-1-1.jpg\",\"contentUrl\":\"https:\/\/ententefoundation.ca\/wp-content\/uploads\/2022\/05\/Insurance-plans-for-retirement-consider-these-5-things-1-1.jpg\",\"width\":1140,\"height\":690,\"caption\":\"Older couple with arms around each other walking on a beach\"},{\"@type\":\"BreadcrumbList\",\"@id\":\"https:\/\/ententefoundation.ca\/fr\/trousse-assurance\/#breadcrumb\",\"itemListElement\":[{\"@type\":\"ListItem\",\"position\":1,\"name\":\"Accueil\",\"item\":\"https:\/\/ententefoundation.ca\/fr\/\"},{\"@type\":\"ListItem\",\"position\":2,\"name\":\"Trousse Assurance\u00a0\"}]},{\"@type\":\"WebSite\",\"@id\":\"https:\/\/ententefoundation.ca\/fr\/#website\",\"url\":\"https:\/\/ententefoundation.ca\/fr\/\",\"name\":\"Entente\",\"description\":\"Entente Foundation\",\"publisher\":{\"@id\":\"https:\/\/ententefoundation.ca\/fr\/#organization\"},\"potentialAction\":[{\"@type\":\"SearchAction\",\"target\":{\"@type\":\"EntryPoint\",\"urlTemplate\":\"https:\/\/ententefoundation.ca\/fr\/?s={search_term_string}\"},\"query-input\":{\"@type\":\"PropertyValueSpecification\",\"valueRequired\":true,\"valueName\":\"search_term_string\"}}],\"inLanguage\":\"fr-FR\"},{\"@type\":\"Organization\",\"@id\":\"https:\/\/ententefoundation.ca\/fr\/#organization\",\"name\":\"Entente\",\"url\":\"https:\/\/ententefoundation.ca\/fr\/\",\"logo\":{\"@type\":\"ImageObject\",\"inLanguage\":\"fr-FR\",\"@id\":\"https:\/\/ententefoundation.ca\/fr\/#\/schema\/logo\/image\/\",\"url\":\"https:\/\/ententefoundation.ca\/wp-content\/uploads\/2025\/09\/rtoero_foundation.jpg\",\"contentUrl\":\"https:\/\/ententefoundation.ca\/wp-content\/uploads\/2025\/09\/rtoero_foundation.jpg\",\"width\":293,\"height\":66,\"caption\":\"Entente\"},\"image\":{\"@id\":\"https:\/\/ententefoundation.ca\/fr\/#\/schema\/logo\/image\/\"},\"sameAs\":[\"https:\/\/www.facebook.com\/rto.ero\/\",\"https:\/\/x.com\/rto_ero\",\"https:\/\/www.linkedin.com\/company\/rto-ero\/\",\"https:\/\/www.youtube.com\/channel\/UC47hMHrlTrEyXgr2PGoqwSw\"]}]}<\/script>\n<!-- \/ Yoast SEO plugin. -->","yoast_head_json":{"title":"Trousse Assurance\u00a0 - Entente","robots":{"index":"index","follow":"follow","max-snippet":"max-snippet:-1","max-image-preview":"max-image-preview:large","max-video-preview":"max-video-preview:-1"},"canonical":"https:\/\/ententefoundation.ca\/fr\/trousse-assurance\/","og_locale":"fr_FR","og_type":"article","og_title":"Prenez une d\u00e9cision \u00e9clair\u00e9e","og_description":"Planifiez votre tranquillit\u00e9 d\u2019esprit avec nos ressources sur la s\u00e9lection d\u2019une assurance sant\u00e9.","og_url":"https:\/\/ententefoundation.ca\/fr\/trousse-assurance\/","og_site_name":"Entente","article_publisher":"https:\/\/www.facebook.com\/rto.ero\/","og_image":[{"width":1140,"height":690,"url":"https:\/\/ententefoundation.ca\/wp-content\/uploads\/2022\/05\/Insurance-plans-for-retirement-consider-these-5-things-1-1.jpg","type":"image\/jpeg"}],"twitter_card":"summary_large_image","twitter_title":"Prenez une d\u00e9cision \u00e9clair\u00e9e","twitter_description":"Planifiez votre tranquillit\u00e9 d\u2019esprit avec nos ressources sur la s\u00e9lection d\u2019une assurance sant\u00e9.","twitter_image":"https:\/\/ententefoundation.ca\/wp-content\/uploads\/2022\/05\/Cinq-facteurs-a-prendre-compte-en-choisissant-dassurance-2.jpg","twitter_site":"@rto_ero","twitter_misc":{"Est. reading time":"4 minutes"},"schema":{"@context":"https:\/\/schema.org","@graph":[{"@type":"WebPage","@id":"https:\/\/ententefoundation.ca\/fr\/trousse-assurance\/","url":"https:\/\/ententefoundation.ca\/fr\/trousse-assurance\/","name":"Trousse Assurance\u00a0 - Entente","isPartOf":{"@id":"https:\/\/ententefoundation.ca\/fr\/#website"},"primaryImageOfPage":{"@id":"https:\/\/ententefoundation.ca\/fr\/trousse-assurance\/#primaryimage"},"image":{"@id":"https:\/\/ententefoundation.ca\/fr\/trousse-assurance\/#primaryimage"},"thumbnailUrl":"https:\/\/ententefoundation.ca\/wp-content\/uploads\/2022\/05\/Insurance-plans-for-retirement-consider-these-5-things-1-1.jpg","datePublished":"2024-10-21T15:39:42+00:00","breadcrumb":{"@id":"https:\/\/ententefoundation.ca\/fr\/trousse-assurance\/#breadcrumb"},"inLanguage":"fr-FR","potentialAction":[{"@type":"ReadAction","target":["https:\/\/ententefoundation.ca\/fr\/trousse-assurance\/"]}]},{"@type":"ImageObject","inLanguage":"fr-FR","@id":"https:\/\/ententefoundation.ca\/fr\/trousse-assurance\/#primaryimage","url":"https:\/\/ententefoundation.ca\/wp-content\/uploads\/2022\/05\/Insurance-plans-for-retirement-consider-these-5-things-1-1.jpg","contentUrl":"https:\/\/ententefoundation.ca\/wp-content\/uploads\/2022\/05\/Insurance-plans-for-retirement-consider-these-5-things-1-1.jpg","width":1140,"height":690,"caption":"Older couple with arms around each other walking on a beach"},{"@type":"BreadcrumbList","@id":"https:\/\/ententefoundation.ca\/fr\/trousse-assurance\/#breadcrumb","itemListElement":[{"@type":"ListItem","position":1,"name":"Accueil","item":"https:\/\/ententefoundation.ca\/fr\/"},{"@type":"ListItem","position":2,"name":"Trousse Assurance\u00a0"}]},{"@type":"WebSite","@id":"https:\/\/ententefoundation.ca\/fr\/#website","url":"https:\/\/ententefoundation.ca\/fr\/","name":"Entente","description":"Entente Foundation","publisher":{"@id":"https:\/\/ententefoundation.ca\/fr\/#organization"},"potentialAction":[{"@type":"SearchAction","target":{"@type":"EntryPoint","urlTemplate":"https:\/\/ententefoundation.ca\/fr\/?s={search_term_string}"},"query-input":{"@type":"PropertyValueSpecification","valueRequired":true,"valueName":"search_term_string"}}],"inLanguage":"fr-FR"},{"@type":"Organization","@id":"https:\/\/ententefoundation.ca\/fr\/#organization","name":"Entente","url":"https:\/\/ententefoundation.ca\/fr\/","logo":{"@type":"ImageObject","inLanguage":"fr-FR","@id":"https:\/\/ententefoundation.ca\/fr\/#\/schema\/logo\/image\/","url":"https:\/\/ententefoundation.ca\/wp-content\/uploads\/2025\/09\/rtoero_foundation.jpg","contentUrl":"https:\/\/ententefoundation.ca\/wp-content\/uploads\/2025\/09\/rtoero_foundation.jpg","width":293,"height":66,"caption":"Entente"},"image":{"@id":"https:\/\/ententefoundation.ca\/fr\/#\/schema\/logo\/image\/"},"sameAs":["https:\/\/www.facebook.com\/rto.ero\/","https:\/\/x.com\/rto_ero","https:\/\/www.linkedin.com\/company\/rto-ero\/","https:\/\/www.youtube.com\/channel\/UC47hMHrlTrEyXgr2PGoqwSw"]}]}},"_links":{"self":[{"href":"https:\/\/ententefoundation.ca\/fr\/wp-json\/wp\/v2\/pages\/23527","targetHints":{"allow":["GET"]}}],"collection":[{"href":"https:\/\/ententefoundation.ca\/fr\/wp-json\/wp\/v2\/pages"}],"about":[{"href":"https:\/\/ententefoundation.ca\/fr\/wp-json\/wp\/v2\/types\/page"}],"author":[{"embeddable":true,"href":"https:\/\/ententefoundation.ca\/fr\/wp-json\/wp\/v2\/users\/5"}],"replies":[{"embeddable":true,"href":"https:\/\/ententefoundation.ca\/fr\/wp-json\/wp\/v2\/comments?post=23527"}],"version-history":[{"count":0,"href":"https:\/\/ententefoundation.ca\/fr\/wp-json\/wp\/v2\/pages\/23527\/revisions"}],"wp:featuredmedia":[{"embeddable":true,"href":"https:\/\/ententefoundation.ca\/fr\/wp-json\/wp\/v2\/media\/13128"}],"wp:attachment":[{"href":"https:\/\/ententefoundation.ca\/fr\/wp-json\/wp\/v2\/media?parent=23527"}],"curies":[{"name":"wp","href":"https:\/\/api.w.org\/{rel}","templated":true}]}}