{"id":22872,"date":"2024-07-26T11:40:04","date_gmt":"2024-07-26T15:40:04","guid":{"rendered":"https:\/\/rtoero.ca\/?page_id=22872"},"modified":"2026-03-09T10:33:57","modified_gmt":"2026-03-09T14:33:57","slug":"historique","status":"publish","type":"page","link":"https:\/\/ententefoundation.ca\/fr\/historique\/","title":{"rendered":"Historique"},"content":{"rendered":"\n<p>La Fondation RTOERO est le partenaire philanthropique de RTOERO, une association regroupant 85 000 membres \u00e0 travers le Canada et le plus important fournisseur national de r\u00e9gimes d\u2019assurance sant\u00e9 collective \u00e0 but non lucratif pour les retrait\u00e9s du secteur de l\u2019\u00e9ducation. \u00c0 l\u2019origine, la Fondation fut cr\u00e9\u00e9e pour financer la recherche dans le domaine de la g\u00e9riatrie et de la g\u00e9rontologie et pour favoriser des projets visant \u00e0 am\u00e9liorer la qualit\u00e9 de vie des a\u00een\u00e9s \u00e0 travers le Canada.<\/p>\n","protected":false},"excerpt":{"rendered":"<p>Peu importe \u00e0 quel point nous changeons et grandissons, nous n\u2019oublierons jamais nos racines<\/p>\n","protected":false},"author":5,"featured_media":0,"parent":0,"menu_order":0,"comment_status":"closed","ping_status":"closed","template":"template-history.php","meta":{"_acf_changed":true,"ub_ctt_via":"","footnotes":"","_links_to":"","_links_to_target":""},"class_list":["post-22872","page","type-page","status-publish","hentry"],"acf":[],"featured_image_src":null,"yoast_head":"<!-- This site is optimized with the Yoast SEO plugin v26.9 - https:\/\/yoast.com\/product\/yoast-seo-wordpress\/ -->\n<title>Historique - Entente<\/title>\n<meta name=\"description\" content=\"RTOERO a une longue tradition de soutien aux enseignantes et aux enseignants et \u00e0 d\u2019autres retrait\u00e9s du secteur de l\u2019\u00e9ducation. Au fil des ans, notre port\u00e9e et notre impact ont pris de l&#039;ampleur mais notre objectif demeure un avenir meilleur ensemble. D\u00e9couvrez notre historique.\" \/>\n<meta name=\"robots\" content=\"index, follow, max-snippet:-1, max-image-preview:large, max-video-preview:-1\" \/>\n<link rel=\"canonical\" href=\"https:\/\/ententefoundation.ca\/fr\/historique\/\" \/>\n<meta property=\"og:locale\" content=\"fr_FR\" \/>\n<meta property=\"og:type\" content=\"article\" \/>\n<meta property=\"og:title\" content=\"Historique - Entente\" \/>\n<meta property=\"og:description\" content=\"RTOERO a une longue tradition de soutien aux enseignantes et aux enseignants et \u00e0 d\u2019autres retrait\u00e9s du secteur de l\u2019\u00e9ducation. Au fil des ans, notre port\u00e9e et notre impact ont pris de l&#039;ampleur mais notre objectif demeure un avenir meilleur ensemble. D\u00e9couvrez notre historique.\" \/>\n<meta property=\"og:url\" content=\"https:\/\/ententefoundation.ca\/fr\/historique\/\" \/>\n<meta property=\"og:site_name\" content=\"Entente\" \/>\n<meta property=\"article:publisher\" content=\"https:\/\/www.facebook.com\/rto.ero\/\" \/>\n<meta property=\"article:modified_time\" content=\"2026-03-09T14:33:57+00:00\" \/>\n<meta property=\"og:image\" content=\"https:\/\/ententefoundation.ca\/wp-content\/uploads\/2026\/02\/featured-image.png\" \/>\n\t<meta property=\"og:image:width\" content=\"1140\" \/>\n\t<meta property=\"og:image:height\" content=\"690\" \/>\n\t<meta property=\"og:image:type\" content=\"image\/png\" \/>\n<meta name=\"twitter:card\" content=\"summary_large_image\" \/>\n<meta name=\"twitter:site\" content=\"@rto_ero\" \/>\n<meta name=\"twitter:label1\" content=\"Est. reading time\" \/>\n\t<meta name=\"twitter:data1\" content=\"1 minute\" \/>\n<script type=\"application\/ld+json\" class=\"yoast-schema-graph\">{\"@context\":\"https:\/\/schema.org\",\"@graph\":[{\"@type\":\"WebPage\",\"@id\":\"https:\/\/ententefoundation.ca\/fr\/historique\/\",\"url\":\"https:\/\/ententefoundation.ca\/fr\/historique\/\",\"name\":\"Historique - Entente\",\"isPartOf\":{\"@id\":\"https:\/\/ententefoundation.ca\/fr\/#website\"},\"datePublished\":\"2024-07-26T15:40:04+00:00\",\"dateModified\":\"2026-03-09T14:33:57+00:00\",\"description\":\"RTOERO a une longue tradition de soutien aux enseignantes et aux enseignants et \u00e0 d\u2019autres retrait\u00e9s du secteur de l\u2019\u00e9ducation. Au fil des ans, notre port\u00e9e et notre impact ont pris de l'ampleur mais notre objectif demeure un avenir meilleur ensemble. D\u00e9couvrez notre historique.\",\"breadcrumb\":{\"@id\":\"https:\/\/ententefoundation.ca\/fr\/historique\/#breadcrumb\"},\"inLanguage\":\"fr-FR\",\"potentialAction\":[{\"@type\":\"ReadAction\",\"target\":[\"https:\/\/ententefoundation.ca\/fr\/historique\/\"]}]},{\"@type\":\"BreadcrumbList\",\"@id\":\"https:\/\/ententefoundation.ca\/fr\/historique\/#breadcrumb\",\"itemListElement\":[{\"@type\":\"ListItem\",\"position\":1,\"name\":\"Accueil\",\"item\":\"https:\/\/ententefoundation.ca\/fr\/\"},{\"@type\":\"ListItem\",\"position\":2,\"name\":\"Historique\"}]},{\"@type\":\"WebSite\",\"@id\":\"https:\/\/ententefoundation.ca\/fr\/#website\",\"url\":\"https:\/\/ententefoundation.ca\/fr\/\",\"name\":\"Entente\",\"description\":\"Entente Foundation\",\"publisher\":{\"@id\":\"https:\/\/ententefoundation.ca\/fr\/#organization\"},\"potentialAction\":[{\"@type\":\"SearchAction\",\"target\":{\"@type\":\"EntryPoint\",\"urlTemplate\":\"https:\/\/ententefoundation.ca\/fr\/?s={search_term_string}\"},\"query-input\":{\"@type\":\"PropertyValueSpecification\",\"valueRequired\":true,\"valueName\":\"search_term_string\"}}],\"inLanguage\":\"fr-FR\"},{\"@type\":\"Organization\",\"@id\":\"https:\/\/ententefoundation.ca\/fr\/#organization\",\"name\":\"Entente\",\"url\":\"https:\/\/ententefoundation.ca\/fr\/\",\"logo\":{\"@type\":\"ImageObject\",\"inLanguage\":\"fr-FR\",\"@id\":\"https:\/\/ententefoundation.ca\/fr\/#\/schema\/logo\/image\/\",\"url\":\"https:\/\/ententefoundation.ca\/wp-content\/uploads\/2025\/09\/rtoero_foundation.jpg\",\"contentUrl\":\"https:\/\/ententefoundation.ca\/wp-content\/uploads\/2025\/09\/rtoero_foundation.jpg\",\"width\":293,\"height\":66,\"caption\":\"Entente\"},\"image\":{\"@id\":\"https:\/\/ententefoundation.ca\/fr\/#\/schema\/logo\/image\/\"},\"sameAs\":[\"https:\/\/www.facebook.com\/rto.ero\/\",\"https:\/\/x.com\/rto_ero\",\"https:\/\/www.linkedin.com\/company\/rto-ero\/\",\"https:\/\/www.youtube.com\/channel\/UC47hMHrlTrEyXgr2PGoqwSw\"]}]}<\/script>\n<!-- \/ Yoast SEO plugin. -->","yoast_head_json":{"title":"Historique - Entente","description":"RTOERO a une longue tradition de soutien aux enseignantes et aux enseignants et \u00e0 d\u2019autres retrait\u00e9s du secteur de l\u2019\u00e9ducation. Au fil des ans, notre port\u00e9e et notre impact ont pris de l'ampleur mais notre objectif demeure un avenir meilleur ensemble. D\u00e9couvrez notre historique.","robots":{"index":"index","follow":"follow","max-snippet":"max-snippet:-1","max-image-preview":"max-image-preview:large","max-video-preview":"max-video-preview:-1"},"canonical":"https:\/\/ententefoundation.ca\/fr\/historique\/","og_locale":"fr_FR","og_type":"article","og_title":"Historique - Entente","og_description":"RTOERO a une longue tradition de soutien aux enseignantes et aux enseignants et \u00e0 d\u2019autres retrait\u00e9s du secteur de l\u2019\u00e9ducation. Au fil des ans, notre port\u00e9e et notre impact ont pris de l'ampleur mais notre objectif demeure un avenir meilleur ensemble. D\u00e9couvrez notre historique.","og_url":"https:\/\/ententefoundation.ca\/fr\/historique\/","og_site_name":"Entente","article_publisher":"https:\/\/www.facebook.com\/rto.ero\/","article_modified_time":"2026-03-09T14:33:57+00:00","og_image":[{"width":1140,"height":690,"url":"https:\/\/ententefoundation.ca\/wp-content\/uploads\/2026\/02\/featured-image.png","type":"image\/png"}],"twitter_card":"summary_large_image","twitter_site":"@rto_ero","twitter_misc":{"Est. reading time":"1 minute"},"schema":{"@context":"https:\/\/schema.org","@graph":[{"@type":"WebPage","@id":"https:\/\/ententefoundation.ca\/fr\/historique\/","url":"https:\/\/ententefoundation.ca\/fr\/historique\/","name":"Historique - Entente","isPartOf":{"@id":"https:\/\/ententefoundation.ca\/fr\/#website"},"datePublished":"2024-07-26T15:40:04+00:00","dateModified":"2026-03-09T14:33:57+00:00","description":"RTOERO a une longue tradition de soutien aux enseignantes et aux enseignants et \u00e0 d\u2019autres retrait\u00e9s du secteur de l\u2019\u00e9ducation. Au fil des ans, notre port\u00e9e et notre impact ont pris de l'ampleur mais notre objectif demeure un avenir meilleur ensemble. D\u00e9couvrez notre historique.","breadcrumb":{"@id":"https:\/\/ententefoundation.ca\/fr\/historique\/#breadcrumb"},"inLanguage":"fr-FR","potentialAction":[{"@type":"ReadAction","target":["https:\/\/ententefoundation.ca\/fr\/historique\/"]}]},{"@type":"BreadcrumbList","@id":"https:\/\/ententefoundation.ca\/fr\/historique\/#breadcrumb","itemListElement":[{"@type":"ListItem","position":1,"name":"Accueil","item":"https:\/\/ententefoundation.ca\/fr\/"},{"@type":"ListItem","position":2,"name":"Historique"}]},{"@type":"WebSite","@id":"https:\/\/ententefoundation.ca\/fr\/#website","url":"https:\/\/ententefoundation.ca\/fr\/","name":"Entente","description":"Entente Foundation","publisher":{"@id":"https:\/\/ententefoundation.ca\/fr\/#organization"},"potentialAction":[{"@type":"SearchAction","target":{"@type":"EntryPoint","urlTemplate":"https:\/\/ententefoundation.ca\/fr\/?s={search_term_string}"},"query-input":{"@type":"PropertyValueSpecification","valueRequired":true,"valueName":"search_term_string"}}],"inLanguage":"fr-FR"},{"@type":"Organization","@id":"https:\/\/ententefoundation.ca\/fr\/#organization","name":"Entente","url":"https:\/\/ententefoundation.ca\/fr\/","logo":{"@type":"ImageObject","inLanguage":"fr-FR","@id":"https:\/\/ententefoundation.ca\/fr\/#\/schema\/logo\/image\/","url":"https:\/\/ententefoundation.ca\/wp-content\/uploads\/2025\/09\/rtoero_foundation.jpg","contentUrl":"https:\/\/ententefoundation.ca\/wp-content\/uploads\/2025\/09\/rtoero_foundation.jpg","width":293,"height":66,"caption":"Entente"},"image":{"@id":"https:\/\/ententefoundation.ca\/fr\/#\/schema\/logo\/image\/"},"sameAs":["https:\/\/www.facebook.com\/rto.ero\/","https:\/\/x.com\/rto_ero","https:\/\/www.linkedin.com\/company\/rto-ero\/","https:\/\/www.youtube.com\/channel\/UC47hMHrlTrEyXgr2PGoqwSw"]}]}},"_links":{"self":[{"href":"https:\/\/ententefoundation.ca\/fr\/wp-json\/wp\/v2\/pages\/22872","targetHints":{"allow":["GET"]}}],"collection":[{"href":"https:\/\/ententefoundation.ca\/fr\/wp-json\/wp\/v2\/pages"}],"about":[{"href":"https:\/\/ententefoundation.ca\/fr\/wp-json\/wp\/v2\/types\/page"}],"author":[{"embeddable":true,"href":"https:\/\/ententefoundation.ca\/fr\/wp-json\/wp\/v2\/users\/5"}],"replies":[{"embeddable":true,"href":"https:\/\/ententefoundation.ca\/fr\/wp-json\/wp\/v2\/comments?post=22872"}],"version-history":[{"count":0,"href":"https:\/\/ententefoundation.ca\/fr\/wp-json\/wp\/v2\/pages\/22872\/revisions"}],"wp:attachment":[{"href":"https:\/\/ententefoundation.ca\/fr\/wp-json\/wp\/v2\/media?parent=22872"}],"curies":[{"name":"wp","href":"https:\/\/api.w.org\/{rel}","templated":true}]}}