{"id":22852,"date":"2024-07-26T10:39:04","date_gmt":"2024-07-26T14:39:04","guid":{"rendered":"https:\/\/rtoero.ca\/?page_id=22852"},"modified":"2025-12-16T08:55:37","modified_gmt":"2025-12-16T13:55:37","slug":"notre-objectif","status":"publish","type":"page","link":"https:\/\/ententefoundation.ca\/fr\/nos-activites\/notre-objectif\/","title":{"rendered":"Notre objectif"},"content":{"rendered":"\n<p>Partout \u00e0 travers le Canada, les communaut\u00e9s ne sont pas pr\u00e9par\u00e9es \u00e0 r\u00e9pondre aux besoins des a\u00een\u00e9s.<\/p>\n\n\n\n<p>Les Canadiens vivent plus longtemps que jamais auparavant, mais nos syst\u00e8mes de soins de sant\u00e9 et de services sociaux ne r\u00e9pondent pas de fa\u00e7on ad\u00e9quate aux besoins complexes et aux d\u00e9fis particuliers d\u2019une population sensiblement plus \u00e2g\u00e9e.&nbsp;<\/p>\n\n\n\n<p>Partout au pays et dans toutes les professions, nous constatons une disparit\u00e9 fondamentale entre les besoins et les int\u00e9r\u00eats des Canadiens plus \u00e2g\u00e9s et les connaissances, le soutien et les interventions mis \u00e0 leur disposition. Cette inad\u00e9quation entra\u00eene de moins bons r\u00e9sultats en mati\u00e8re de sant\u00e9 pour les a\u00een\u00e9s, ce qui accro\u00eet le fardeau individuel, familial, institutionnel et communautaire.<\/p>\n\n\n\n<p><strong>Saviez-vous que?<\/strong><\/p>\n\n\n\n<ul class=\"wp-block-list\">\n<li>Au Canada, on retrouve \u00e0 l\u2019heure actuelle <strong>plus d\u2019adultes \u00e2g\u00e9s de 65&nbsp;ans et plus que d\u2019enfants <\/strong>de moins de 15&nbsp;ans, et cette tendance d\u00e9mographique se poursuit.<\/li>\n\n\n\n<li>On retrouve seulement un g\u00e9riatre pour 24&nbsp;000&nbsp;a\u00een\u00e9s au Canada<\/li>\n\n\n\n<li>La plupart des professionnels de la sant\u00e9 et des services sociaux ne re\u00e7oivent pas une formation suffisante sur les soins sp\u00e9cifiques aux a\u00een\u00e9s<\/li>\n\n\n\n<li>La g\u00e9riatrie est l\u2019un des secteurs de recherche souffrant le plus d\u2019un sous-financement chronique<\/li>\n<\/ul>\n\n\n\n<p>La Fondation Entente a pour mission de combler ces lacunes critiques en sensibilisant le public, en finan\u00e7ant des projets et en diffusant des connaissances. Tous nos efforts visent \u00e0 favoriser une soci\u00e9t\u00e9 plus respectueuse des a\u00een\u00e9s et un meilleur avenir pour les adultes \u00e2g\u00e9s \u00e0 travers le pays.<\/p>\n","protected":false},"excerpt":{"rendered":"<p>Partout \u00e0 travers le Canada, les communaut\u00e9s ne sont pas pr\u00e9par\u00e9es \u00e0 r\u00e9pondre aux besoins des a\u00een\u00e9s. Les Canadiens vivent plus longtemps que jamais auparavant, [&hellip;]<\/p>\n","protected":false},"author":5,"featured_media":0,"parent":1785,"menu_order":0,"comment_status":"closed","ping_status":"closed","template":"","meta":{"_acf_changed":false,"ub_ctt_via":"","footnotes":"","_links_to":"","_links_to_target":""},"class_list":["post-22852","page","type-page","status-publish","hentry"],"acf":[],"featured_image_src":null,"yoast_head":"<!-- This site is optimized with the Yoast SEO plugin v26.9 - https:\/\/yoast.com\/product\/yoast-seo-wordpress\/ -->\n<title>Notre objectif - Entente<\/title>\n<meta name=\"description\" content=\"Les structures en mati\u00e8re de soutien social du Canada n\u2019ont pas \u00e9t\u00e9 apport\u00e9es pour s\u2019adapter \u00e0 l\u2019\u00e9volution d\u00e9mographique. En finan\u00e7ant la recherche essentielle et des programmes innovants, nous contribuons \u00e0 changer cette situation. Notre population: vieillissante nous concerne tous. D\u2019ici 2036, pr\u00e8s d\u2019un Canadien sur quatre aura plus de 65 ans. Il s\u2019agit d\u2019un segment croissant et diversifi\u00e9 de la population aux besoins complexes.\" \/>\n<meta name=\"robots\" content=\"index, follow, max-snippet:-1, max-image-preview:large, max-video-preview:-1\" \/>\n<link rel=\"canonical\" href=\"https:\/\/ententefoundation.ca\/fr\/nos-activites\/notre-objectif\/\" \/>\n<meta property=\"og:locale\" content=\"fr_FR\" \/>\n<meta property=\"og:type\" content=\"article\" \/>\n<meta property=\"og:title\" content=\"Notre objectif - Entente\" \/>\n<meta property=\"og:description\" content=\"Les structures en mati\u00e8re de soutien social du Canada n\u2019ont pas \u00e9t\u00e9 apport\u00e9es pour s\u2019adapter \u00e0 l\u2019\u00e9volution d\u00e9mographique. En finan\u00e7ant la recherche essentielle et des programmes innovants, nous contribuons \u00e0 changer cette situation. Notre population: vieillissante nous concerne tous. D\u2019ici 2036, pr\u00e8s d\u2019un Canadien sur quatre aura plus de 65 ans. Il s\u2019agit d\u2019un segment croissant et diversifi\u00e9 de la population aux besoins complexes.\" \/>\n<meta property=\"og:url\" content=\"https:\/\/ententefoundation.ca\/fr\/nos-activites\/notre-objectif\/\" \/>\n<meta property=\"og:site_name\" content=\"Entente\" \/>\n<meta property=\"article:publisher\" content=\"https:\/\/www.facebook.com\/rto.ero\/\" \/>\n<meta property=\"article:modified_time\" content=\"2025-12-16T13:55:37+00:00\" \/>\n<meta property=\"og:image\" content=\"https:\/\/ententefoundation.ca\/wp-content\/uploads\/2026\/02\/featured-image.png\" \/>\n\t<meta property=\"og:image:width\" content=\"1140\" \/>\n\t<meta property=\"og:image:height\" content=\"690\" \/>\n\t<meta property=\"og:image:type\" content=\"image\/png\" \/>\n<meta name=\"twitter:card\" content=\"summary_large_image\" \/>\n<meta name=\"twitter:site\" content=\"@rto_ero\" \/>\n<meta name=\"twitter:label1\" content=\"Est. reading time\" \/>\n\t<meta name=\"twitter:data1\" content=\"2 minutes\" \/>\n<script type=\"application\/ld+json\" class=\"yoast-schema-graph\">{\"@context\":\"https:\/\/schema.org\",\"@graph\":[{\"@type\":\"WebPage\",\"@id\":\"https:\/\/ententefoundation.ca\/fr\/nos-activites\/notre-objectif\/\",\"url\":\"https:\/\/ententefoundation.ca\/fr\/nos-activites\/notre-objectif\/\",\"name\":\"Notre objectif - Entente\",\"isPartOf\":{\"@id\":\"https:\/\/ententefoundation.ca\/fr\/#website\"},\"datePublished\":\"2024-07-26T14:39:04+00:00\",\"dateModified\":\"2025-12-16T13:55:37+00:00\",\"description\":\"Les structures en mati\u00e8re de soutien social du Canada n\u2019ont pas \u00e9t\u00e9 apport\u00e9es pour s\u2019adapter \u00e0 l\u2019\u00e9volution d\u00e9mographique. En finan\u00e7ant la recherche essentielle et des programmes innovants, nous contribuons \u00e0 changer cette situation. Notre population: vieillissante nous concerne tous. D\u2019ici 2036, pr\u00e8s d\u2019un Canadien sur quatre aura plus de 65 ans. Il s\u2019agit d\u2019un segment croissant et diversifi\u00e9 de la population aux besoins complexes.\",\"breadcrumb\":{\"@id\":\"https:\/\/ententefoundation.ca\/fr\/nos-activites\/notre-objectif\/#breadcrumb\"},\"inLanguage\":\"fr-FR\",\"potentialAction\":[{\"@type\":\"ReadAction\",\"target\":[\"https:\/\/ententefoundation.ca\/fr\/nos-activites\/notre-objectif\/\"]}]},{\"@type\":\"BreadcrumbList\",\"@id\":\"https:\/\/ententefoundation.ca\/fr\/nos-activites\/notre-objectif\/#breadcrumb\",\"itemListElement\":[{\"@type\":\"ListItem\",\"position\":1,\"name\":\"Accueil\",\"item\":\"https:\/\/ententefoundation.ca\/fr\/\"},{\"@type\":\"ListItem\",\"position\":2,\"name\":\"Notre travail\",\"item\":\"https:\/\/ententefoundation.ca\/our-work\/\"},{\"@type\":\"ListItem\",\"position\":3,\"name\":\"Notre objectif\"}]},{\"@type\":\"WebSite\",\"@id\":\"https:\/\/ententefoundation.ca\/fr\/#website\",\"url\":\"https:\/\/ententefoundation.ca\/fr\/\",\"name\":\"Entente\",\"description\":\"Entente Foundation\",\"publisher\":{\"@id\":\"https:\/\/ententefoundation.ca\/fr\/#organization\"},\"potentialAction\":[{\"@type\":\"SearchAction\",\"target\":{\"@type\":\"EntryPoint\",\"urlTemplate\":\"https:\/\/ententefoundation.ca\/fr\/?s={search_term_string}\"},\"query-input\":{\"@type\":\"PropertyValueSpecification\",\"valueRequired\":true,\"valueName\":\"search_term_string\"}}],\"inLanguage\":\"fr-FR\"},{\"@type\":\"Organization\",\"@id\":\"https:\/\/ententefoundation.ca\/fr\/#organization\",\"name\":\"Entente\",\"url\":\"https:\/\/ententefoundation.ca\/fr\/\",\"logo\":{\"@type\":\"ImageObject\",\"inLanguage\":\"fr-FR\",\"@id\":\"https:\/\/ententefoundation.ca\/fr\/#\/schema\/logo\/image\/\",\"url\":\"https:\/\/ententefoundation.ca\/wp-content\/uploads\/2025\/09\/rtoero_foundation.jpg\",\"contentUrl\":\"https:\/\/ententefoundation.ca\/wp-content\/uploads\/2025\/09\/rtoero_foundation.jpg\",\"width\":293,\"height\":66,\"caption\":\"Entente\"},\"image\":{\"@id\":\"https:\/\/ententefoundation.ca\/fr\/#\/schema\/logo\/image\/\"},\"sameAs\":[\"https:\/\/www.facebook.com\/rto.ero\/\",\"https:\/\/x.com\/rto_ero\",\"https:\/\/www.linkedin.com\/company\/rto-ero\/\",\"https:\/\/www.youtube.com\/channel\/UC47hMHrlTrEyXgr2PGoqwSw\"]}]}<\/script>\n<!-- \/ Yoast SEO plugin. -->","yoast_head_json":{"title":"Notre objectif - Entente","description":"Les structures en mati\u00e8re de soutien social du Canada n\u2019ont pas \u00e9t\u00e9 apport\u00e9es pour s\u2019adapter \u00e0 l\u2019\u00e9volution d\u00e9mographique. En finan\u00e7ant la recherche essentielle et des programmes innovants, nous contribuons \u00e0 changer cette situation. Notre population: vieillissante nous concerne tous. D\u2019ici 2036, pr\u00e8s d\u2019un Canadien sur quatre aura plus de 65 ans. Il s\u2019agit d\u2019un segment croissant et diversifi\u00e9 de la population aux besoins complexes.","robots":{"index":"index","follow":"follow","max-snippet":"max-snippet:-1","max-image-preview":"max-image-preview:large","max-video-preview":"max-video-preview:-1"},"canonical":"https:\/\/ententefoundation.ca\/fr\/nos-activites\/notre-objectif\/","og_locale":"fr_FR","og_type":"article","og_title":"Notre objectif - Entente","og_description":"Les structures en mati\u00e8re de soutien social du Canada n\u2019ont pas \u00e9t\u00e9 apport\u00e9es pour s\u2019adapter \u00e0 l\u2019\u00e9volution d\u00e9mographique. En finan\u00e7ant la recherche essentielle et des programmes innovants, nous contribuons \u00e0 changer cette situation. Notre population: vieillissante nous concerne tous. D\u2019ici 2036, pr\u00e8s d\u2019un Canadien sur quatre aura plus de 65 ans. Il s\u2019agit d\u2019un segment croissant et diversifi\u00e9 de la population aux besoins complexes.","og_url":"https:\/\/ententefoundation.ca\/fr\/nos-activites\/notre-objectif\/","og_site_name":"Entente","article_publisher":"https:\/\/www.facebook.com\/rto.ero\/","article_modified_time":"2025-12-16T13:55:37+00:00","og_image":[{"width":1140,"height":690,"url":"https:\/\/ententefoundation.ca\/wp-content\/uploads\/2026\/02\/featured-image.png","type":"image\/png"}],"twitter_card":"summary_large_image","twitter_site":"@rto_ero","twitter_misc":{"Est. reading time":"2 minutes"},"schema":{"@context":"https:\/\/schema.org","@graph":[{"@type":"WebPage","@id":"https:\/\/ententefoundation.ca\/fr\/nos-activites\/notre-objectif\/","url":"https:\/\/ententefoundation.ca\/fr\/nos-activites\/notre-objectif\/","name":"Notre objectif - Entente","isPartOf":{"@id":"https:\/\/ententefoundation.ca\/fr\/#website"},"datePublished":"2024-07-26T14:39:04+00:00","dateModified":"2025-12-16T13:55:37+00:00","description":"Les structures en mati\u00e8re de soutien social du Canada n\u2019ont pas \u00e9t\u00e9 apport\u00e9es pour s\u2019adapter \u00e0 l\u2019\u00e9volution d\u00e9mographique. En finan\u00e7ant la recherche essentielle et des programmes innovants, nous contribuons \u00e0 changer cette situation. Notre population: vieillissante nous concerne tous. D\u2019ici 2036, pr\u00e8s d\u2019un Canadien sur quatre aura plus de 65 ans. Il s\u2019agit d\u2019un segment croissant et diversifi\u00e9 de la population aux besoins complexes.","breadcrumb":{"@id":"https:\/\/ententefoundation.ca\/fr\/nos-activites\/notre-objectif\/#breadcrumb"},"inLanguage":"fr-FR","potentialAction":[{"@type":"ReadAction","target":["https:\/\/ententefoundation.ca\/fr\/nos-activites\/notre-objectif\/"]}]},{"@type":"BreadcrumbList","@id":"https:\/\/ententefoundation.ca\/fr\/nos-activites\/notre-objectif\/#breadcrumb","itemListElement":[{"@type":"ListItem","position":1,"name":"Accueil","item":"https:\/\/ententefoundation.ca\/fr\/"},{"@type":"ListItem","position":2,"name":"Notre travail","item":"https:\/\/ententefoundation.ca\/our-work\/"},{"@type":"ListItem","position":3,"name":"Notre objectif"}]},{"@type":"WebSite","@id":"https:\/\/ententefoundation.ca\/fr\/#website","url":"https:\/\/ententefoundation.ca\/fr\/","name":"Entente","description":"Entente Foundation","publisher":{"@id":"https:\/\/ententefoundation.ca\/fr\/#organization"},"potentialAction":[{"@type":"SearchAction","target":{"@type":"EntryPoint","urlTemplate":"https:\/\/ententefoundation.ca\/fr\/?s={search_term_string}"},"query-input":{"@type":"PropertyValueSpecification","valueRequired":true,"valueName":"search_term_string"}}],"inLanguage":"fr-FR"},{"@type":"Organization","@id":"https:\/\/ententefoundation.ca\/fr\/#organization","name":"Entente","url":"https:\/\/ententefoundation.ca\/fr\/","logo":{"@type":"ImageObject","inLanguage":"fr-FR","@id":"https:\/\/ententefoundation.ca\/fr\/#\/schema\/logo\/image\/","url":"https:\/\/ententefoundation.ca\/wp-content\/uploads\/2025\/09\/rtoero_foundation.jpg","contentUrl":"https:\/\/ententefoundation.ca\/wp-content\/uploads\/2025\/09\/rtoero_foundation.jpg","width":293,"height":66,"caption":"Entente"},"image":{"@id":"https:\/\/ententefoundation.ca\/fr\/#\/schema\/logo\/image\/"},"sameAs":["https:\/\/www.facebook.com\/rto.ero\/","https:\/\/x.com\/rto_ero","https:\/\/www.linkedin.com\/company\/rto-ero\/","https:\/\/www.youtube.com\/channel\/UC47hMHrlTrEyXgr2PGoqwSw"]}]}},"_links":{"self":[{"href":"https:\/\/ententefoundation.ca\/fr\/wp-json\/wp\/v2\/pages\/22852","targetHints":{"allow":["GET"]}}],"collection":[{"href":"https:\/\/ententefoundation.ca\/fr\/wp-json\/wp\/v2\/pages"}],"about":[{"href":"https:\/\/ententefoundation.ca\/fr\/wp-json\/wp\/v2\/types\/page"}],"author":[{"embeddable":true,"href":"https:\/\/ententefoundation.ca\/fr\/wp-json\/wp\/v2\/users\/5"}],"replies":[{"embeddable":true,"href":"https:\/\/ententefoundation.ca\/fr\/wp-json\/wp\/v2\/comments?post=22852"}],"version-history":[{"count":0,"href":"https:\/\/ententefoundation.ca\/fr\/wp-json\/wp\/v2\/pages\/22852\/revisions"}],"up":[{"embeddable":true,"href":"https:\/\/ententefoundation.ca\/fr\/wp-json\/wp\/v2\/pages\/1785"}],"wp:attachment":[{"href":"https:\/\/ententefoundation.ca\/fr\/wp-json\/wp\/v2\/media?parent=22852"}],"curies":[{"name":"wp","href":"https:\/\/api.w.org\/{rel}","templated":true}]}}