{"id":1796,"date":"2020-03-31T14:06:10","date_gmt":"2020-03-31T18:06:10","guid":{"rendered":"https:\/\/rtoero.ca\/?page_id=1796"},"modified":"2026-03-09T15:51:45","modified_gmt":"2026-03-09T19:51:45","slug":"serie-de-webinaires","status":"publish","type":"page","link":"https:\/\/ententefoundation.ca\/fr\/nos-activites\/serie-de-webinaires\/","title":{"rendered":"S\u00e9rie de webinaires"},"content":{"rendered":"\n<p>La s\u00e9rie annuelle de webinaires de la Fondation explore une vaste gamme de sujets li\u00e9s au vieillissement actif et en sant\u00e9, y compris des pr\u00e9sentations par des chercheurs et charg\u00e9s de projets b\u00e9n\u00e9ficiant d\u2019une subvention de la Fondation. Ces webinaires contribuent \u00e0 s\u2019assurer que les membres de Entente \u00c9ducation Canada et les adultes plus \u00e2g\u00e9s partout au pays restent inform\u00e9s des plus r\u00e9centes donn\u00e9es scientifiques et perspectives favorisant un vieillissement actif et en sant\u00e9. Tous les webinaires sont pr\u00e9sent\u00e9s en anglais, et sous-titres en fran\u00e7ais. \u00a0<\/p>\n","protected":false},"excerpt":{"rendered":"<p>La s\u00e9rie annuelle de webinaires de la Fondation explore une vaste gamme de sujets li\u00e9s au vieillissement actif et en sant\u00e9, y compris des pr\u00e9sentations [&hellip;]<\/p>\n","protected":false},"author":5,"featured_media":0,"parent":1785,"menu_order":0,"comment_status":"closed","ping_status":"closed","template":"template-foundation-index.php","meta":{"_acf_changed":false,"ub_ctt_via":"","footnotes":"","_links_to":"","_links_to_target":""},"class_list":["post-1796","page","type-page","status-publish","hentry"],"acf":[],"featured_image_src":null,"yoast_head":"<!-- This site is optimized with the Yoast SEO plugin v26.9 - https:\/\/yoast.com\/product\/yoast-seo-wordpress\/ -->\n<title>S\u00e9rie de webinaires - Entente<\/title>\n<meta name=\"robots\" content=\"index, follow, max-snippet:-1, max-image-preview:large, max-video-preview:-1\" \/>\n<link rel=\"canonical\" href=\"https:\/\/ententefoundation.ca\/fr\/nos-activites\/serie-de-webinaires\/\" \/>\n<meta property=\"og:locale\" content=\"fr_FR\" \/>\n<meta property=\"og:type\" content=\"article\" \/>\n<meta property=\"og:title\" content=\"S\u00e9rie de webinaires - Entente\" \/>\n<meta property=\"og:description\" content=\"La s\u00e9rie annuelle de webinaires de la Fondation explore une vaste gamme de sujets li\u00e9s au vieillissement actif et en sant\u00e9, y compris des pr\u00e9sentations [&hellip;]\" \/>\n<meta property=\"og:url\" content=\"https:\/\/ententefoundation.ca\/fr\/nos-activites\/serie-de-webinaires\/\" \/>\n<meta property=\"og:site_name\" content=\"Entente\" \/>\n<meta property=\"article:publisher\" content=\"https:\/\/www.facebook.com\/rto.ero\/\" \/>\n<meta property=\"article:modified_time\" content=\"2026-03-09T19:51:45+00:00\" \/>\n<meta property=\"og:image\" content=\"https:\/\/ententefoundation.ca\/wp-content\/uploads\/2026\/02\/featured-image.png\" \/>\n\t<meta property=\"og:image:width\" content=\"1140\" \/>\n\t<meta property=\"og:image:height\" content=\"690\" \/>\n\t<meta property=\"og:image:type\" content=\"image\/png\" \/>\n<meta name=\"twitter:card\" content=\"summary_large_image\" \/>\n<meta name=\"twitter:site\" content=\"@rto_ero\" \/>\n<meta name=\"twitter:label1\" content=\"Est. reading time\" \/>\n\t<meta name=\"twitter:data1\" content=\"1 minute\" \/>\n<script type=\"application\/ld+json\" class=\"yoast-schema-graph\">{\"@context\":\"https:\/\/schema.org\",\"@graph\":[{\"@type\":\"WebPage\",\"@id\":\"https:\/\/ententefoundation.ca\/fr\/nos-activites\/serie-de-webinaires\/\",\"url\":\"https:\/\/ententefoundation.ca\/fr\/nos-activites\/serie-de-webinaires\/\",\"name\":\"S\u00e9rie de webinaires - Entente\",\"isPartOf\":{\"@id\":\"https:\/\/ententefoundation.ca\/fr\/#website\"},\"datePublished\":\"2020-03-31T18:06:10+00:00\",\"dateModified\":\"2026-03-09T19:51:45+00:00\",\"breadcrumb\":{\"@id\":\"https:\/\/ententefoundation.ca\/fr\/nos-activites\/serie-de-webinaires\/#breadcrumb\"},\"inLanguage\":\"fr-FR\",\"potentialAction\":[{\"@type\":\"ReadAction\",\"target\":[\"https:\/\/ententefoundation.ca\/fr\/nos-activites\/serie-de-webinaires\/\"]}]},{\"@type\":\"BreadcrumbList\",\"@id\":\"https:\/\/ententefoundation.ca\/fr\/nos-activites\/serie-de-webinaires\/#breadcrumb\",\"itemListElement\":[{\"@type\":\"ListItem\",\"position\":1,\"name\":\"Accueil\",\"item\":\"https:\/\/ententefoundation.ca\/fr\/\"},{\"@type\":\"ListItem\",\"position\":2,\"name\":\"Notre travail\",\"item\":\"https:\/\/ententefoundation.ca\/our-work\/\"},{\"@type\":\"ListItem\",\"position\":3,\"name\":\"S\u00e9rie de webinaires\"}]},{\"@type\":\"WebSite\",\"@id\":\"https:\/\/ententefoundation.ca\/fr\/#website\",\"url\":\"https:\/\/ententefoundation.ca\/fr\/\",\"name\":\"Entente\",\"description\":\"Entente Foundation\",\"publisher\":{\"@id\":\"https:\/\/ententefoundation.ca\/fr\/#organization\"},\"potentialAction\":[{\"@type\":\"SearchAction\",\"target\":{\"@type\":\"EntryPoint\",\"urlTemplate\":\"https:\/\/ententefoundation.ca\/fr\/?s={search_term_string}\"},\"query-input\":{\"@type\":\"PropertyValueSpecification\",\"valueRequired\":true,\"valueName\":\"search_term_string\"}}],\"inLanguage\":\"fr-FR\"},{\"@type\":\"Organization\",\"@id\":\"https:\/\/ententefoundation.ca\/fr\/#organization\",\"name\":\"Entente\",\"url\":\"https:\/\/ententefoundation.ca\/fr\/\",\"logo\":{\"@type\":\"ImageObject\",\"inLanguage\":\"fr-FR\",\"@id\":\"https:\/\/ententefoundation.ca\/fr\/#\/schema\/logo\/image\/\",\"url\":\"https:\/\/ententefoundation.ca\/wp-content\/uploads\/2025\/09\/rtoero_foundation.jpg\",\"contentUrl\":\"https:\/\/ententefoundation.ca\/wp-content\/uploads\/2025\/09\/rtoero_foundation.jpg\",\"width\":293,\"height\":66,\"caption\":\"Entente\"},\"image\":{\"@id\":\"https:\/\/ententefoundation.ca\/fr\/#\/schema\/logo\/image\/\"},\"sameAs\":[\"https:\/\/www.facebook.com\/rto.ero\/\",\"https:\/\/x.com\/rto_ero\",\"https:\/\/www.linkedin.com\/company\/rto-ero\/\",\"https:\/\/www.youtube.com\/channel\/UC47hMHrlTrEyXgr2PGoqwSw\"]}]}<\/script>\n<!-- \/ Yoast SEO plugin. -->","yoast_head_json":{"title":"S\u00e9rie de webinaires - Entente","robots":{"index":"index","follow":"follow","max-snippet":"max-snippet:-1","max-image-preview":"max-image-preview:large","max-video-preview":"max-video-preview:-1"},"canonical":"https:\/\/ententefoundation.ca\/fr\/nos-activites\/serie-de-webinaires\/","og_locale":"fr_FR","og_type":"article","og_title":"S\u00e9rie de webinaires - Entente","og_description":"La s\u00e9rie annuelle de webinaires de la Fondation explore une vaste gamme de sujets li\u00e9s au vieillissement actif et en sant\u00e9, y compris des pr\u00e9sentations [&hellip;]","og_url":"https:\/\/ententefoundation.ca\/fr\/nos-activites\/serie-de-webinaires\/","og_site_name":"Entente","article_publisher":"https:\/\/www.facebook.com\/rto.ero\/","article_modified_time":"2026-03-09T19:51:45+00:00","og_image":[{"width":1140,"height":690,"url":"https:\/\/ententefoundation.ca\/wp-content\/uploads\/2026\/02\/featured-image.png","type":"image\/png"}],"twitter_card":"summary_large_image","twitter_site":"@rto_ero","twitter_misc":{"Est. reading time":"1 minute"},"schema":{"@context":"https:\/\/schema.org","@graph":[{"@type":"WebPage","@id":"https:\/\/ententefoundation.ca\/fr\/nos-activites\/serie-de-webinaires\/","url":"https:\/\/ententefoundation.ca\/fr\/nos-activites\/serie-de-webinaires\/","name":"S\u00e9rie de webinaires - Entente","isPartOf":{"@id":"https:\/\/ententefoundation.ca\/fr\/#website"},"datePublished":"2020-03-31T18:06:10+00:00","dateModified":"2026-03-09T19:51:45+00:00","breadcrumb":{"@id":"https:\/\/ententefoundation.ca\/fr\/nos-activites\/serie-de-webinaires\/#breadcrumb"},"inLanguage":"fr-FR","potentialAction":[{"@type":"ReadAction","target":["https:\/\/ententefoundation.ca\/fr\/nos-activites\/serie-de-webinaires\/"]}]},{"@type":"BreadcrumbList","@id":"https:\/\/ententefoundation.ca\/fr\/nos-activites\/serie-de-webinaires\/#breadcrumb","itemListElement":[{"@type":"ListItem","position":1,"name":"Accueil","item":"https:\/\/ententefoundation.ca\/fr\/"},{"@type":"ListItem","position":2,"name":"Notre travail","item":"https:\/\/ententefoundation.ca\/our-work\/"},{"@type":"ListItem","position":3,"name":"S\u00e9rie de webinaires"}]},{"@type":"WebSite","@id":"https:\/\/ententefoundation.ca\/fr\/#website","url":"https:\/\/ententefoundation.ca\/fr\/","name":"Entente","description":"Entente Foundation","publisher":{"@id":"https:\/\/ententefoundation.ca\/fr\/#organization"},"potentialAction":[{"@type":"SearchAction","target":{"@type":"EntryPoint","urlTemplate":"https:\/\/ententefoundation.ca\/fr\/?s={search_term_string}"},"query-input":{"@type":"PropertyValueSpecification","valueRequired":true,"valueName":"search_term_string"}}],"inLanguage":"fr-FR"},{"@type":"Organization","@id":"https:\/\/ententefoundation.ca\/fr\/#organization","name":"Entente","url":"https:\/\/ententefoundation.ca\/fr\/","logo":{"@type":"ImageObject","inLanguage":"fr-FR","@id":"https:\/\/ententefoundation.ca\/fr\/#\/schema\/logo\/image\/","url":"https:\/\/ententefoundation.ca\/wp-content\/uploads\/2025\/09\/rtoero_foundation.jpg","contentUrl":"https:\/\/ententefoundation.ca\/wp-content\/uploads\/2025\/09\/rtoero_foundation.jpg","width":293,"height":66,"caption":"Entente"},"image":{"@id":"https:\/\/ententefoundation.ca\/fr\/#\/schema\/logo\/image\/"},"sameAs":["https:\/\/www.facebook.com\/rto.ero\/","https:\/\/x.com\/rto_ero","https:\/\/www.linkedin.com\/company\/rto-ero\/","https:\/\/www.youtube.com\/channel\/UC47hMHrlTrEyXgr2PGoqwSw"]}]}},"_links":{"self":[{"href":"https:\/\/ententefoundation.ca\/fr\/wp-json\/wp\/v2\/pages\/1796","targetHints":{"allow":["GET"]}}],"collection":[{"href":"https:\/\/ententefoundation.ca\/fr\/wp-json\/wp\/v2\/pages"}],"about":[{"href":"https:\/\/ententefoundation.ca\/fr\/wp-json\/wp\/v2\/types\/page"}],"author":[{"embeddable":true,"href":"https:\/\/ententefoundation.ca\/fr\/wp-json\/wp\/v2\/users\/5"}],"replies":[{"embeddable":true,"href":"https:\/\/ententefoundation.ca\/fr\/wp-json\/wp\/v2\/comments?post=1796"}],"version-history":[{"count":0,"href":"https:\/\/ententefoundation.ca\/fr\/wp-json\/wp\/v2\/pages\/1796\/revisions"}],"up":[{"embeddable":true,"href":"https:\/\/ententefoundation.ca\/fr\/wp-json\/wp\/v2\/pages\/1785"}],"wp:attachment":[{"href":"https:\/\/ententefoundation.ca\/fr\/wp-json\/wp\/v2\/media?parent=1796"}],"curies":[{"name":"wp","href":"https:\/\/api.w.org\/{rel}","templated":true}]}}