{"id":1788,"date":"2020-03-31T11:21:50","date_gmt":"2020-03-31T15:21:50","guid":{"rendered":"https:\/\/rtoero.ca\/?page_id=1788"},"modified":"2026-03-09T08:14:15","modified_gmt":"2026-03-09T12:14:15","slug":"chaire-dotee","status":"publish","type":"page","link":"https:\/\/ententefoundation.ca\/fr\/a-propos\/chaire-dotee\/","title":{"rendered":"Chaire \u00e9rig\u00e9e par dotation"},"content":{"rendered":"\n<figure class=\"wp-block-image size-full is-resized\"><img loading=\"lazy\" decoding=\"async\" width=\"354\" height=\"353\" src=\"https:\/\/ententefoundation.ca\/wp-content\/uploads\/2026\/03\/image.png\" alt=\"DR. JENNIFER WATT\" class=\"wp-image-27104\" style=\"width:262px;height:auto\" srcset=\"https:\/\/ententefoundation.ca\/wp-content\/uploads\/2026\/03\/image.png 354w, https:\/\/ententefoundation.ca\/wp-content\/uploads\/2026\/03\/image-300x300.png 300w, https:\/\/ententefoundation.ca\/wp-content\/uploads\/2026\/03\/image-150x150.png 150w\" sizes=\"auto, (max-width: 354px) 100vw, 354px\" \/><\/figure>\n\n\n\n<p><small><strong><strong>D<sup>re<\/sup> JENNIFER WATT<\/strong><\/strong><br><strong><strong>MD, PhD<\/strong><\/strong><\/small><\/p>\n\n\n\n<p>La D<sup>re<\/sup> Jennifer Watt est la nouvelle titulaire de la Chaire de m\u00e9decine g\u00e9riatrique Entente \u00c9ducation Canada.<\/p>\n\n\n\n<p>La D<sup>re<\/sup> Watt est clinicienne-chercheure et g\u00e9riatre en exercice \u00e0 l\u2019h\u00f4pital Michael, ainsi que professeure adjointe au D\u00e9partement de m\u00e9decine de l\u2019Universit\u00e9 de Toronto. Ses recherches portent sur l\u2019am\u00e9lioration des soins pour les personnes a\u00een\u00e9es vivant avec la fragilit\u00e9 et des troubles cognitifs, en recourant \u00e0 des donn\u00e9es de sant\u00e9 du monde r\u00e9el et \u00e0 des m\u00e9thodes analytiques avanc\u00e9es pour \u00e9valuer les traitements et favoriser une meilleure prise de d\u00e9cision. Elle milite \u00e9galement pour un acc\u00e8s \u00e9quitable \u00e0 des soins de haute qualit\u00e9, fond\u00e9s sur des donn\u00e9es probantes pour les a\u00een\u00e9s.<\/p>\n","protected":false},"excerpt":{"rendered":"<p>La Fondation Entente a \u00e9t\u00e9 mise sur pied en 2011 afin d\u2019amasser des fonds pour la cr\u00e9ation d\u2019une Chaire de recherche en m\u00e9decine g\u00e9riatrique \u00e9rig\u00e9e par dotation \u00e0 l\u2019Universit\u00e9 de Toronto.<\/p>\n","protected":false},"author":5,"featured_media":0,"parent":1797,"menu_order":0,"comment_status":"closed","ping_status":"closed","template":"template-foundation-index.php","meta":{"_acf_changed":false,"ub_ctt_via":"","footnotes":"","_links_to":"","_links_to_target":""},"class_list":["post-1788","page","type-page","status-publish","hentry"],"acf":[],"featured_image_src":null,"yoast_head":"<!-- This site is optimized with the Yoast SEO plugin v26.9 - https:\/\/yoast.com\/product\/yoast-seo-wordpress\/ -->\n<title>Chaire \u00e9rig\u00e9e par dotation - Entente<\/title>\n<meta name=\"description\" content=\"Chaire dot\u00e9e. La docteure Paula Rochon est la titulaire de la chaire de RTOERO en m\u00e9decine g\u00e9riatrique \u00e0 l\u2019Universit\u00e9 de Toronto. La docteure Rochon et son groupe m\u00e8nent des recherches sur le vieillissement et les personnes \u00e2g\u00e9es et les probl\u00e8mes de sant\u00e9 soci\u00e9taux auxquels font face ces personnes. Ils s\u2019efforcent \u00e9galement de veiller \u00e0 ce que les praticiens et les professionnels de la sant\u00e9 dans des domaines connexes comprennent les recherches les plus r\u00e9centes et la fa\u00e7on dont elles peuvent s\u2019appliquer \u00e0 leur travail.\" \/>\n<meta name=\"robots\" content=\"index, follow, max-snippet:-1, max-image-preview:large, max-video-preview:-1\" \/>\n<link rel=\"canonical\" href=\"https:\/\/ententefoundation.ca\/fr\/a-propos\/chaire-dotee\/\" \/>\n<meta property=\"og:locale\" content=\"fr_FR\" \/>\n<meta property=\"og:type\" content=\"article\" \/>\n<meta property=\"og:title\" content=\"Chaire \u00e9rig\u00e9e par dotation - Entente\" \/>\n<meta property=\"og:description\" content=\"Chaire dot\u00e9e. La docteure Paula Rochon est la titulaire de la chaire de RTOERO en m\u00e9decine g\u00e9riatrique \u00e0 l\u2019Universit\u00e9 de Toronto. La docteure Rochon et son groupe m\u00e8nent des recherches sur le vieillissement et les personnes \u00e2g\u00e9es et les probl\u00e8mes de sant\u00e9 soci\u00e9taux auxquels font face ces personnes. Ils s\u2019efforcent \u00e9galement de veiller \u00e0 ce que les praticiens et les professionnels de la sant\u00e9 dans des domaines connexes comprennent les recherches les plus r\u00e9centes et la fa\u00e7on dont elles peuvent s\u2019appliquer \u00e0 leur travail.\" \/>\n<meta property=\"og:url\" content=\"https:\/\/ententefoundation.ca\/fr\/a-propos\/chaire-dotee\/\" \/>\n<meta property=\"og:site_name\" content=\"Entente\" \/>\n<meta property=\"article:publisher\" content=\"https:\/\/www.facebook.com\/rto.ero\/\" \/>\n<meta property=\"article:modified_time\" content=\"2026-03-09T12:14:15+00:00\" \/>\n<meta property=\"og:image\" content=\"https:\/\/ententefoundation.ca\/wp-content\/uploads\/2026\/03\/image.png\" \/>\n\t<meta property=\"og:image:width\" content=\"354\" \/>\n\t<meta property=\"og:image:height\" content=\"353\" \/>\n\t<meta property=\"og:image:type\" content=\"image\/png\" \/>\n<meta name=\"twitter:card\" content=\"summary_large_image\" \/>\n<meta name=\"twitter:site\" content=\"@rto_ero\" \/>\n<meta name=\"twitter:label1\" content=\"Est. reading time\" \/>\n\t<meta name=\"twitter:data1\" content=\"1 minute\" \/>\n<script type=\"application\/ld+json\" class=\"yoast-schema-graph\">{\"@context\":\"https:\/\/schema.org\",\"@graph\":[{\"@type\":\"WebPage\",\"@id\":\"https:\/\/ententefoundation.ca\/fr\/a-propos\/chaire-dotee\/\",\"url\":\"https:\/\/ententefoundation.ca\/fr\/a-propos\/chaire-dotee\/\",\"name\":\"Chaire \u00e9rig\u00e9e par dotation - Entente\",\"isPartOf\":{\"@id\":\"https:\/\/ententefoundation.ca\/fr\/#website\"},\"primaryImageOfPage\":{\"@id\":\"https:\/\/ententefoundation.ca\/fr\/a-propos\/chaire-dotee\/#primaryimage\"},\"image\":{\"@id\":\"https:\/\/ententefoundation.ca\/fr\/a-propos\/chaire-dotee\/#primaryimage\"},\"thumbnailUrl\":\"https:\/\/ententefoundation.ca\/wp-content\/uploads\/2026\/03\/image.png\",\"datePublished\":\"2020-03-31T15:21:50+00:00\",\"dateModified\":\"2026-03-09T12:14:15+00:00\",\"description\":\"Chaire dot\u00e9e. La docteure Paula Rochon est la titulaire de la chaire de RTOERO en m\u00e9decine g\u00e9riatrique \u00e0 l\u2019Universit\u00e9 de Toronto. La docteure Rochon et son groupe m\u00e8nent des recherches sur le vieillissement et les personnes \u00e2g\u00e9es et les probl\u00e8mes de sant\u00e9 soci\u00e9taux auxquels font face ces personnes. Ils s\u2019efforcent \u00e9galement de veiller \u00e0 ce que les praticiens et les professionnels de la sant\u00e9 dans des domaines connexes comprennent les recherches les plus r\u00e9centes et la fa\u00e7on dont elles peuvent s\u2019appliquer \u00e0 leur travail.\",\"breadcrumb\":{\"@id\":\"https:\/\/ententefoundation.ca\/fr\/a-propos\/chaire-dotee\/#breadcrumb\"},\"inLanguage\":\"fr-FR\",\"potentialAction\":[{\"@type\":\"ReadAction\",\"target\":[\"https:\/\/ententefoundation.ca\/fr\/a-propos\/chaire-dotee\/\"]}]},{\"@type\":\"ImageObject\",\"inLanguage\":\"fr-FR\",\"@id\":\"https:\/\/ententefoundation.ca\/fr\/a-propos\/chaire-dotee\/#primaryimage\",\"url\":\"https:\/\/ententefoundation.ca\/wp-content\/uploads\/2026\/03\/image.png\",\"contentUrl\":\"https:\/\/ententefoundation.ca\/wp-content\/uploads\/2026\/03\/image.png\"},{\"@type\":\"BreadcrumbList\",\"@id\":\"https:\/\/ententefoundation.ca\/fr\/a-propos\/chaire-dotee\/#breadcrumb\",\"itemListElement\":[{\"@type\":\"ListItem\",\"position\":1,\"name\":\"Accueil\",\"item\":\"https:\/\/ententefoundation.ca\/fr\/\"},{\"@type\":\"ListItem\",\"position\":2,\"name\":\"\u00c0 propos de\",\"item\":\"https:\/\/ententefoundation.ca\/fr\/a-propos\/\"},{\"@type\":\"ListItem\",\"position\":3,\"name\":\"Chaire \u00e9rig\u00e9e par dotation\"}]},{\"@type\":\"WebSite\",\"@id\":\"https:\/\/ententefoundation.ca\/fr\/#website\",\"url\":\"https:\/\/ententefoundation.ca\/fr\/\",\"name\":\"Entente\",\"description\":\"Entente Foundation\",\"publisher\":{\"@id\":\"https:\/\/ententefoundation.ca\/fr\/#organization\"},\"potentialAction\":[{\"@type\":\"SearchAction\",\"target\":{\"@type\":\"EntryPoint\",\"urlTemplate\":\"https:\/\/ententefoundation.ca\/fr\/?s={search_term_string}\"},\"query-input\":{\"@type\":\"PropertyValueSpecification\",\"valueRequired\":true,\"valueName\":\"search_term_string\"}}],\"inLanguage\":\"fr-FR\"},{\"@type\":\"Organization\",\"@id\":\"https:\/\/ententefoundation.ca\/fr\/#organization\",\"name\":\"Entente\",\"url\":\"https:\/\/ententefoundation.ca\/fr\/\",\"logo\":{\"@type\":\"ImageObject\",\"inLanguage\":\"fr-FR\",\"@id\":\"https:\/\/ententefoundation.ca\/fr\/#\/schema\/logo\/image\/\",\"url\":\"https:\/\/ententefoundation.ca\/wp-content\/uploads\/2025\/09\/rtoero_foundation.jpg\",\"contentUrl\":\"https:\/\/ententefoundation.ca\/wp-content\/uploads\/2025\/09\/rtoero_foundation.jpg\",\"width\":293,\"height\":66,\"caption\":\"Entente\"},\"image\":{\"@id\":\"https:\/\/ententefoundation.ca\/fr\/#\/schema\/logo\/image\/\"},\"sameAs\":[\"https:\/\/www.facebook.com\/rto.ero\/\",\"https:\/\/x.com\/rto_ero\",\"https:\/\/www.linkedin.com\/company\/rto-ero\/\",\"https:\/\/www.youtube.com\/channel\/UC47hMHrlTrEyXgr2PGoqwSw\"]}]}<\/script>\n<!-- \/ Yoast SEO plugin. -->","yoast_head_json":{"title":"Chaire \u00e9rig\u00e9e par dotation - Entente","description":"Chaire dot\u00e9e. La docteure Paula Rochon est la titulaire de la chaire de RTOERO en m\u00e9decine g\u00e9riatrique \u00e0 l\u2019Universit\u00e9 de Toronto. La docteure Rochon et son groupe m\u00e8nent des recherches sur le vieillissement et les personnes \u00e2g\u00e9es et les probl\u00e8mes de sant\u00e9 soci\u00e9taux auxquels font face ces personnes. Ils s\u2019efforcent \u00e9galement de veiller \u00e0 ce que les praticiens et les professionnels de la sant\u00e9 dans des domaines connexes comprennent les recherches les plus r\u00e9centes et la fa\u00e7on dont elles peuvent s\u2019appliquer \u00e0 leur travail.","robots":{"index":"index","follow":"follow","max-snippet":"max-snippet:-1","max-image-preview":"max-image-preview:large","max-video-preview":"max-video-preview:-1"},"canonical":"https:\/\/ententefoundation.ca\/fr\/a-propos\/chaire-dotee\/","og_locale":"fr_FR","og_type":"article","og_title":"Chaire \u00e9rig\u00e9e par dotation - Entente","og_description":"Chaire dot\u00e9e. La docteure Paula Rochon est la titulaire de la chaire de RTOERO en m\u00e9decine g\u00e9riatrique \u00e0 l\u2019Universit\u00e9 de Toronto. La docteure Rochon et son groupe m\u00e8nent des recherches sur le vieillissement et les personnes \u00e2g\u00e9es et les probl\u00e8mes de sant\u00e9 soci\u00e9taux auxquels font face ces personnes. Ils s\u2019efforcent \u00e9galement de veiller \u00e0 ce que les praticiens et les professionnels de la sant\u00e9 dans des domaines connexes comprennent les recherches les plus r\u00e9centes et la fa\u00e7on dont elles peuvent s\u2019appliquer \u00e0 leur travail.","og_url":"https:\/\/ententefoundation.ca\/fr\/a-propos\/chaire-dotee\/","og_site_name":"Entente","article_publisher":"https:\/\/www.facebook.com\/rto.ero\/","article_modified_time":"2026-03-09T12:14:15+00:00","og_image":[{"width":354,"height":353,"url":"https:\/\/ententefoundation.ca\/wp-content\/uploads\/2026\/03\/image.png","type":"image\/png"}],"twitter_card":"summary_large_image","twitter_site":"@rto_ero","twitter_misc":{"Est. reading time":"1 minute"},"schema":{"@context":"https:\/\/schema.org","@graph":[{"@type":"WebPage","@id":"https:\/\/ententefoundation.ca\/fr\/a-propos\/chaire-dotee\/","url":"https:\/\/ententefoundation.ca\/fr\/a-propos\/chaire-dotee\/","name":"Chaire \u00e9rig\u00e9e par dotation - Entente","isPartOf":{"@id":"https:\/\/ententefoundation.ca\/fr\/#website"},"primaryImageOfPage":{"@id":"https:\/\/ententefoundation.ca\/fr\/a-propos\/chaire-dotee\/#primaryimage"},"image":{"@id":"https:\/\/ententefoundation.ca\/fr\/a-propos\/chaire-dotee\/#primaryimage"},"thumbnailUrl":"https:\/\/ententefoundation.ca\/wp-content\/uploads\/2026\/03\/image.png","datePublished":"2020-03-31T15:21:50+00:00","dateModified":"2026-03-09T12:14:15+00:00","description":"Chaire dot\u00e9e. La docteure Paula Rochon est la titulaire de la chaire de RTOERO en m\u00e9decine g\u00e9riatrique \u00e0 l\u2019Universit\u00e9 de Toronto. La docteure Rochon et son groupe m\u00e8nent des recherches sur le vieillissement et les personnes \u00e2g\u00e9es et les probl\u00e8mes de sant\u00e9 soci\u00e9taux auxquels font face ces personnes. Ils s\u2019efforcent \u00e9galement de veiller \u00e0 ce que les praticiens et les professionnels de la sant\u00e9 dans des domaines connexes comprennent les recherches les plus r\u00e9centes et la fa\u00e7on dont elles peuvent s\u2019appliquer \u00e0 leur travail.","breadcrumb":{"@id":"https:\/\/ententefoundation.ca\/fr\/a-propos\/chaire-dotee\/#breadcrumb"},"inLanguage":"fr-FR","potentialAction":[{"@type":"ReadAction","target":["https:\/\/ententefoundation.ca\/fr\/a-propos\/chaire-dotee\/"]}]},{"@type":"ImageObject","inLanguage":"fr-FR","@id":"https:\/\/ententefoundation.ca\/fr\/a-propos\/chaire-dotee\/#primaryimage","url":"https:\/\/ententefoundation.ca\/wp-content\/uploads\/2026\/03\/image.png","contentUrl":"https:\/\/ententefoundation.ca\/wp-content\/uploads\/2026\/03\/image.png"},{"@type":"BreadcrumbList","@id":"https:\/\/ententefoundation.ca\/fr\/a-propos\/chaire-dotee\/#breadcrumb","itemListElement":[{"@type":"ListItem","position":1,"name":"Accueil","item":"https:\/\/ententefoundation.ca\/fr\/"},{"@type":"ListItem","position":2,"name":"\u00c0 propos de","item":"https:\/\/ententefoundation.ca\/fr\/a-propos\/"},{"@type":"ListItem","position":3,"name":"Chaire \u00e9rig\u00e9e par dotation"}]},{"@type":"WebSite","@id":"https:\/\/ententefoundation.ca\/fr\/#website","url":"https:\/\/ententefoundation.ca\/fr\/","name":"Entente","description":"Entente Foundation","publisher":{"@id":"https:\/\/ententefoundation.ca\/fr\/#organization"},"potentialAction":[{"@type":"SearchAction","target":{"@type":"EntryPoint","urlTemplate":"https:\/\/ententefoundation.ca\/fr\/?s={search_term_string}"},"query-input":{"@type":"PropertyValueSpecification","valueRequired":true,"valueName":"search_term_string"}}],"inLanguage":"fr-FR"},{"@type":"Organization","@id":"https:\/\/ententefoundation.ca\/fr\/#organization","name":"Entente","url":"https:\/\/ententefoundation.ca\/fr\/","logo":{"@type":"ImageObject","inLanguage":"fr-FR","@id":"https:\/\/ententefoundation.ca\/fr\/#\/schema\/logo\/image\/","url":"https:\/\/ententefoundation.ca\/wp-content\/uploads\/2025\/09\/rtoero_foundation.jpg","contentUrl":"https:\/\/ententefoundation.ca\/wp-content\/uploads\/2025\/09\/rtoero_foundation.jpg","width":293,"height":66,"caption":"Entente"},"image":{"@id":"https:\/\/ententefoundation.ca\/fr\/#\/schema\/logo\/image\/"},"sameAs":["https:\/\/www.facebook.com\/rto.ero\/","https:\/\/x.com\/rto_ero","https:\/\/www.linkedin.com\/company\/rto-ero\/","https:\/\/www.youtube.com\/channel\/UC47hMHrlTrEyXgr2PGoqwSw"]}]}},"_links":{"self":[{"href":"https:\/\/ententefoundation.ca\/fr\/wp-json\/wp\/v2\/pages\/1788","targetHints":{"allow":["GET"]}}],"collection":[{"href":"https:\/\/ententefoundation.ca\/fr\/wp-json\/wp\/v2\/pages"}],"about":[{"href":"https:\/\/ententefoundation.ca\/fr\/wp-json\/wp\/v2\/types\/page"}],"author":[{"embeddable":true,"href":"https:\/\/ententefoundation.ca\/fr\/wp-json\/wp\/v2\/users\/5"}],"replies":[{"embeddable":true,"href":"https:\/\/ententefoundation.ca\/fr\/wp-json\/wp\/v2\/comments?post=1788"}],"version-history":[{"count":0,"href":"https:\/\/ententefoundation.ca\/fr\/wp-json\/wp\/v2\/pages\/1788\/revisions"}],"up":[{"embeddable":true,"href":"https:\/\/ententefoundation.ca\/fr\/wp-json\/wp\/v2\/pages\/1797"}],"wp:attachment":[{"href":"https:\/\/ententefoundation.ca\/fr\/wp-json\/wp\/v2\/media?parent=1788"}],"curies":[{"name":"wp","href":"https:\/\/api.w.org\/{rel}","templated":true}]}}